{"id":78872,"date":"2025-07-14T15:31:09","date_gmt":"2025-07-14T12:31:09","guid":{"rendered":"https:\/\/demo8.ecube.lv\/sezona.lv\/products\/christopeit-pasmasazas-rolleris\/"},"modified":"2025-07-14T15:31:09","modified_gmt":"2025-07-14T12:31:09","slug":"christopeit-pasmasazas-rolleris","status":"publish","type":"product","link":"https:\/\/sezona.lv\/en\/products\/christopeit-pasmasazas-rolleris\/","title":{"rendered":"Christopeit Pa\u0161mas\u0101\u017eas rolleris"},"content":{"rendered":"<div class=\"std\">\n<p><span>Noder\u012bgs instruments da\u017e\u0101diem mas\u0101\u017eas vingrin\u0101jumiem, k\u0101 ar\u012b l\u012bdzsvara un koordin\u0101cijas vingrin\u0101jumiem<\/span><\/p>\n<p><span><span>Lielisks aksesu\u0101rs pilates vai joga nodarb\u012bb\u0101m.<\/span><\/span><\/p>\n<p><span><span>Izm\u0113ri: &Oslash; 14&nbsp;cm , garums: 33,5&nbsp;cm<\/span><\/span><\/p>\n<\/div>\n<div class=\"tab-content\">\n<div id=\"item_description\" class=\"tab active\">\n<div class=\"std\"><\/div>\n<\/div>\n<\/div>\n","protected":false},"excerpt":{"rendered":"<p>Noder\u012bgs instruments da\u017e\u0101diem mas\u0101\u017eas vingrin\u0101jumiem, k\u0101 ar\u012b l\u012bdzsvara un koordin\u0101cijas vingrin\u0101jumiem Lielisks aksesu\u0101rs pilates vai joga nodarb\u012bb\u0101m. Izm\u0113ri: &Oslash; 14&nbsp;cm , garums: 33,5&nbsp;cm<\/p>\n","protected":false},"featured_media":0,"template":"","meta":[],"product_brand":[897],"product_cat":[4587,4599,4614],"product_tag":[],"class_list":{"0":"post-78872","1":"product","2":"type-product","3":"status-publish","5":"product_brand-christopeit","6":"product_cat-sports","7":"product_cat-fitness-2-sports","8":"product_cat-fitness-accessories-fitness-2-sports","10":"first","11":"instock","12":"shipping-taxable","13":"purchasable","14":"product-type-simple"},"_links":{"self":[{"href":"https:\/\/sezona.lv\/en\/wp-json\/wp\/v2\/product\/78872","targetHints":{"allow":["GET"]}}],"collection":[{"href":"https:\/\/sezona.lv\/en\/wp-json\/wp\/v2\/product"}],"about":[{"href":"https:\/\/sezona.lv\/en\/wp-json\/wp\/v2\/types\/product"}],"wp:attachment":[{"href":"https:\/\/sezona.lv\/en\/wp-json\/wp\/v2\/media?parent=78872"}],"wp:term":[{"taxonomy":"product_brand","embeddable":true,"href":"https:\/\/sezona.lv\/en\/wp-json\/wp\/v2\/product_brand?post=78872"},{"taxonomy":"product_cat","embeddable":true,"href":"https:\/\/sezona.lv\/en\/wp-json\/wp\/v2\/product_cat?post=78872"},{"taxonomy":"product_tag","embeddable":true,"href":"https:\/\/sezona.lv\/en\/wp-json\/wp\/v2\/product_tag?post=78872"}],"curies":[{"name":"wp","href":"https:\/\/api.w.org\/{rel}","templated":true}]}}