{"id":78873,"date":"2025-07-14T15:31:11","date_gmt":"2025-07-14T12:31:11","guid":{"rendered":"https:\/\/demo8.ecube.lv\/sezona.lv\/products\/christopeit-solana-shiatsu-massage-cushion-masazas\/"},"modified":"2025-07-14T15:31:11","modified_gmt":"2025-07-14T12:31:11","slug":"christopeit-solana-shiatsu-massage-cushion-masazas","status":"publish","type":"product","link":"https:\/\/sezona.lv\/en\/products\/christopeit-solana-shiatsu-massage-cushion-masazas\/","title":{"rendered":"Christopeit Solana Shiatsu-Massage Cushion ( Mas\u0101\u017eas )"},"content":{"rendered":"<div class=\"std\">3 re\u017e\u012bmi<\/p>\n<p> 2 ieb\u016bv\u0113ti vibr\u0101cijas motori<\/p>\n<p> Izv\u0113les sild\u012b&scaron;anas funkcija<\/p>\n<p> T\u0101lvad\u012bbas pults<\/p>\n<p> Taimeris (15 min\u016btes)<\/p>\n<p> Power plug (adapteris)<\/p>\n<p> 12V adapteris automa&scaron;\u012bnai<\/p>\n<p> 220-240 V \/ 50 Hz \/ 26 Watt<\/p>\n<p> Svars apm. 3,5 kg<\/p>\n<p> Izm\u0113rs. 69 x 15 x 47 cm<\/p><\/div>\n<div class=\"tab-content\">\n<div id=\"item_description\" class=\"tab active\"><\/div>\n<\/div>\n","protected":false},"excerpt":{"rendered":"<p>3 re\u017e\u012bmi 2 ieb\u016bv\u0113ti vibr\u0101cijas motori Izv\u0113les sild\u012b&scaron;anas funkcija T\u0101lvad\u012bbas pults Taimeris (15 min\u016btes) Power plug (adapteris) 12V adapteris automa&scaron;\u012bnai 220-240 V \/ 50 Hz \/ 26 Watt Svars apm. 3,5 kg Izm\u0113rs. 69 x 15 x 47 cm<\/p>\n","protected":false},"featured_media":0,"template":"","meta":[],"product_brand":[897],"product_cat":[4587,4599,4614],"product_tag":[],"class_list":{"0":"post-78873","1":"product","2":"type-product","3":"status-publish","5":"product_brand-christopeit","6":"product_cat-sports","7":"product_cat-fitness-2-sports","8":"product_cat-fitness-accessories-fitness-2-sports","10":"first","11":"instock","12":"shipping-taxable","13":"purchasable","14":"product-type-simple"},"_links":{"self":[{"href":"https:\/\/sezona.lv\/en\/wp-json\/wp\/v2\/product\/78873","targetHints":{"allow":["GET"]}}],"collection":[{"href":"https:\/\/sezona.lv\/en\/wp-json\/wp\/v2\/product"}],"about":[{"href":"https:\/\/sezona.lv\/en\/wp-json\/wp\/v2\/types\/product"}],"wp:attachment":[{"href":"https:\/\/sezona.lv\/en\/wp-json\/wp\/v2\/media?parent=78873"}],"wp:term":[{"taxonomy":"product_brand","embeddable":true,"href":"https:\/\/sezona.lv\/en\/wp-json\/wp\/v2\/product_brand?post=78873"},{"taxonomy":"product_cat","embeddable":true,"href":"https:\/\/sezona.lv\/en\/wp-json\/wp\/v2\/product_cat?post=78873"},{"taxonomy":"product_tag","embeddable":true,"href":"https:\/\/sezona.lv\/en\/wp-json\/wp\/v2\/product_tag?post=78873"}],"curies":[{"name":"wp","href":"https:\/\/api.w.org\/{rel}","templated":true}]}}