{"id":78874,"date":"2025-07-11T16:47:53","date_gmt":"2025-07-11T13:47:53","guid":{"rendered":"https:\/\/demo8.ecube.lv\/sezona.lv\/products\/christopeit-vibro1-36-5kg-150kg\/"},"modified":"2025-07-14T15:31:12","modified_gmt":"2025-07-14T12:31:12","slug":"christopeit-vibro1-36-5kg-150kg","status":"publish","type":"product","link":"https:\/\/sezona.lv\/en\/products\/christopeit-vibro1-36-5kg-150kg\/","title":{"rendered":"Christopeit Vibro1 36.5kg\/150kg"},"content":{"rendered":"<p>Maksim\u0101lais \u0137erme\u0146a svars (kg)<br \/> 150<\/p>\n<p> DISPLEJS UN FUNKCIJAS<br \/> Displejs &nbsp;&nbsp; &nbsp;J\u0101<br \/> Displeja funkcijas<br \/> \u0100trums<br \/> Laiks<br \/> \u0136erme\u0146a tauku anal\u012bze<br \/> Pulsa m\u0113r\u012bt\u0101js<br \/> N\u0113<br \/> Slodzes l\u012bme\u0146i<br \/> Nav inform\u0101cijas<\/p>\n<p> PAPILDUS<br \/> Specifik\u0101cija &nbsp;&nbsp; &nbsp;3 Treni\u0146u programmas<br \/> 1 Manu\u0101l\u0101 programma<br \/> Rite\u0146i transport\u0113&scaron;anai<br \/> Izm\u0113ri<br \/> 70 x 74 x 121 cm<br \/> Svars (kg) &nbsp;&nbsp; &nbsp;36<\/p>\n","protected":false},"excerpt":{"rendered":"<p>Maksim\u0101lais \u0137erme\u0146a svars (kg) 150 DISPLEJS UN FUNKCIJAS Displejs &nbsp;&nbsp; &nbsp;J\u0101 Displeja funkcijas \u0100trums Laiks \u0136erme\u0146a tauku anal\u012bze Pulsa m\u0113r\u012bt\u0101js N\u0113 Slodzes l\u012bme\u0146i Nav inform\u0101cijas PAPILDUS Specifik\u0101cija &nbsp;&nbsp; &nbsp;3 Treni\u0146u programmas 1 Manu\u0101l\u0101 programma Rite\u0146i transport\u0113&scaron;anai Izm\u0113ri 70 x 74 x 121 cm Svars (kg) &nbsp;&nbsp; &nbsp;36<\/p>\n","protected":false},"featured_media":71011,"template":"","meta":[],"product_brand":[897],"product_cat":[4588,4595],"product_tag":[],"class_list":{"0":"post-78874","1":"product","2":"type-product","3":"status-publish","4":"has-post-thumbnail","6":"product_brand-christopeit","7":"product_cat-trainers-sports","8":"product_cat-steppers-trainers-sports","10":"first","11":"instock","12":"shipping-taxable","13":"purchasable","14":"product-type-simple"},"_links":{"self":[{"href":"https:\/\/sezona.lv\/en\/wp-json\/wp\/v2\/product\/78874","targetHints":{"allow":["GET"]}}],"collection":[{"href":"https:\/\/sezona.lv\/en\/wp-json\/wp\/v2\/product"}],"about":[{"href":"https:\/\/sezona.lv\/en\/wp-json\/wp\/v2\/types\/product"}],"wp:featuredmedia":[{"embeddable":true,"href":"https:\/\/sezona.lv\/en\/wp-json\/wp\/v2\/media\/71011"}],"wp:attachment":[{"href":"https:\/\/sezona.lv\/en\/wp-json\/wp\/v2\/media?parent=78874"}],"wp:term":[{"taxonomy":"product_brand","embeddable":true,"href":"https:\/\/sezona.lv\/en\/wp-json\/wp\/v2\/product_brand?post=78874"},{"taxonomy":"product_cat","embeddable":true,"href":"https:\/\/sezona.lv\/en\/wp-json\/wp\/v2\/product_cat?post=78874"},{"taxonomy":"product_tag","embeddable":true,"href":"https:\/\/sezona.lv\/en\/wp-json\/wp\/v2\/product_tag?post=78874"}],"curies":[{"name":"wp","href":"https:\/\/api.w.org\/{rel}","templated":true}]}}