{"id":78876,"date":"2025-07-14T15:31:13","date_gmt":"2025-07-14T12:31:13","guid":{"rendered":"https:\/\/demo8.ecube.lv\/sezona.lv\/products\/wilson-basketbola-bumba-mini-mvp\/"},"modified":"2025-07-14T15:31:13","modified_gmt":"2025-07-14T12:31:13","slug":"wilson-basketbola-bumba-mini-mvp","status":"publish","type":"product","link":"https:\/\/sezona.lv\/en\/products\/wilson-basketbola-bumba-mini-mvp\/","title":{"rendered":"Wilson Basketbola bumba MINI MVP"},"content":{"rendered":"<p>Basketbola bumba ar gumijas p\u0101rkl\u0101jumu, piem\u0113rota visu veidu segumiem.&nbsp;<\/p>\n<p>&#8221;Pressure lock&#8221; kamera lai uztur\u0113tu optim\u0101lu gaisa spiedienu bumb\u0101.<\/p>\n<p>Izm\u0113rs 3<\/p>\n<div>\n<ul>\n<\/ul>\n<\/div>\n","protected":false},"excerpt":{"rendered":"<p>Basketbola bumba ar gumijas p\u0101rkl\u0101jumu, piem\u0113rota visu veidu segumiem.&nbsp; &#8221;Pressure lock&#8221; kamera lai uztur\u0113tu optim\u0101lu gaisa spiedienu bumb\u0101. Izm\u0113rs 3<\/p>\n","protected":false},"featured_media":0,"template":"","meta":[],"product_brand":[920],"product_cat":[4587,4602,4667,4668],"product_tag":[],"class_list":{"0":"post-78876","1":"product","2":"type-product","3":"status-publish","5":"product_brand-wilson","6":"product_cat-sports","7":"product_cat-summer-sports-sports","8":"product_cat-basketball-summer-sports-sports","9":"product_cat-basketballs-basketball-summer-sports-sports","11":"first","12":"instock","13":"shipping-taxable","14":"purchasable","15":"product-type-simple"},"_links":{"self":[{"href":"https:\/\/sezona.lv\/en\/wp-json\/wp\/v2\/product\/78876","targetHints":{"allow":["GET"]}}],"collection":[{"href":"https:\/\/sezona.lv\/en\/wp-json\/wp\/v2\/product"}],"about":[{"href":"https:\/\/sezona.lv\/en\/wp-json\/wp\/v2\/types\/product"}],"wp:attachment":[{"href":"https:\/\/sezona.lv\/en\/wp-json\/wp\/v2\/media?parent=78876"}],"wp:term":[{"taxonomy":"product_brand","embeddable":true,"href":"https:\/\/sezona.lv\/en\/wp-json\/wp\/v2\/product_brand?post=78876"},{"taxonomy":"product_cat","embeddable":true,"href":"https:\/\/sezona.lv\/en\/wp-json\/wp\/v2\/product_cat?post=78876"},{"taxonomy":"product_tag","embeddable":true,"href":"https:\/\/sezona.lv\/en\/wp-json\/wp\/v2\/product_tag?post=78876"}],"curies":[{"name":"wp","href":"https:\/\/api.w.org\/{rel}","templated":true}]}}