{"id":78883,"date":"2025-07-14T15:31:20","date_gmt":"2025-07-14T12:31:20","guid":{"rendered":"https:\/\/demo8.ecube.lv\/sezona.lv\/products\/wilson-tn-rubber\/"},"modified":"2025-07-14T15:31:20","modified_gmt":"2025-07-14T12:31:20","slug":"wilson-tn-rubber","status":"publish","type":"product","link":"https:\/\/sezona.lv\/en\/products\/wilson-tn-rubber\/","title":{"rendered":"Wilson TN RUBBER"},"content":{"rendered":"<p>Amerik\u0101\u0146u futbola bumba&nbsp; no gumijas.<\/p>\n<p>Piem\u0113rota sp\u0113lei uz visu veidu segumiem un jebkuros laika apst\u0101k\u013cos.<\/p>\n","protected":false},"excerpt":{"rendered":"<p>Amerik\u0101\u0146u futbola bumba&nbsp; no gumijas. Piem\u0113rota sp\u0113lei uz visu veidu segumiem un jebkuros laika apst\u0101k\u013cos.<\/p>\n","protected":false},"featured_media":0,"template":"","meta":[],"product_brand":[920],"product_cat":[4587,4602,4677,4678],"product_tag":[],"class_list":{"0":"post-78883","1":"product","2":"type-product","3":"status-publish","5":"product_brand-wilson","6":"product_cat-sports","7":"product_cat-summer-sports-sports","8":"product_cat-rugby-summer-sports-sports","9":"product_cat-rugby-balls-rugby-summer-sports-sports","11":"first","12":"instock","13":"shipping-taxable","14":"purchasable","15":"product-type-simple"},"_links":{"self":[{"href":"https:\/\/sezona.lv\/en\/wp-json\/wp\/v2\/product\/78883","targetHints":{"allow":["GET"]}}],"collection":[{"href":"https:\/\/sezona.lv\/en\/wp-json\/wp\/v2\/product"}],"about":[{"href":"https:\/\/sezona.lv\/en\/wp-json\/wp\/v2\/types\/product"}],"wp:attachment":[{"href":"https:\/\/sezona.lv\/en\/wp-json\/wp\/v2\/media?parent=78883"}],"wp:term":[{"taxonomy":"product_brand","embeddable":true,"href":"https:\/\/sezona.lv\/en\/wp-json\/wp\/v2\/product_brand?post=78883"},{"taxonomy":"product_cat","embeddable":true,"href":"https:\/\/sezona.lv\/en\/wp-json\/wp\/v2\/product_cat?post=78883"},{"taxonomy":"product_tag","embeddable":true,"href":"https:\/\/sezona.lv\/en\/wp-json\/wp\/v2\/product_tag?post=78883"}],"curies":[{"name":"wp","href":"https:\/\/api.w.org\/{rel}","templated":true}]}}