{"id":78884,"date":"2025-07-14T15:31:20","date_gmt":"2025-07-14T12:31:20","guid":{"rendered":"https:\/\/demo8.ecube.lv\/sezona.lv\/products\/wilson-futbola-bumba-forte-due\/"},"modified":"2025-07-14T15:31:20","modified_gmt":"2025-07-14T12:31:20","slug":"wilson-futbola-bumba-forte-due","status":"publish","type":"product","link":"https:\/\/sezona.lv\/en\/products\/wilson-futbola-bumba-forte-due\/","title":{"rendered":"Wilson Futbola bumba FORTE DUE"},"content":{"rendered":"<p>Augstas klases bumba no kompoz\u012bta \u0101das.<\/p>\n<p>&Scaron;\u016bta no 32 pane\u013ciem. (Panels Backed With G10 Foam For High-Energy Return ).<\/p>\n<p>Atz\u012bta FIFA.<\/p>\n<p>Izm\u0113rs 5<\/p>\n","protected":false},"excerpt":{"rendered":"<p>Augstas klases bumba no kompoz\u012bta \u0101das. &Scaron;\u016bta no 32 pane\u013ciem. (Panels Backed With G10 Foam For High-Energy Return ). Atz\u012bta FIFA. Izm\u0113rs 5<\/p>\n","protected":false},"featured_media":0,"template":"","meta":[],"product_brand":[920],"product_cat":[4587,4602,4671,4672],"product_tag":[],"class_list":{"0":"post-78884","1":"product","2":"type-product","3":"status-publish","5":"product_brand-wilson","6":"product_cat-sports","7":"product_cat-summer-sports-sports","8":"product_cat-football-summer-sports-sports","9":"product_cat-soccer-balls-football-summer-sports-sports","11":"first","12":"instock","13":"shipping-taxable","14":"purchasable","15":"product-type-simple"},"_links":{"self":[{"href":"https:\/\/sezona.lv\/en\/wp-json\/wp\/v2\/product\/78884","targetHints":{"allow":["GET"]}}],"collection":[{"href":"https:\/\/sezona.lv\/en\/wp-json\/wp\/v2\/product"}],"about":[{"href":"https:\/\/sezona.lv\/en\/wp-json\/wp\/v2\/types\/product"}],"wp:attachment":[{"href":"https:\/\/sezona.lv\/en\/wp-json\/wp\/v2\/media?parent=78884"}],"wp:term":[{"taxonomy":"product_brand","embeddable":true,"href":"https:\/\/sezona.lv\/en\/wp-json\/wp\/v2\/product_brand?post=78884"},{"taxonomy":"product_cat","embeddable":true,"href":"https:\/\/sezona.lv\/en\/wp-json\/wp\/v2\/product_cat?post=78884"},{"taxonomy":"product_tag","embeddable":true,"href":"https:\/\/sezona.lv\/en\/wp-json\/wp\/v2\/product_tag?post=78884"}],"curies":[{"name":"wp","href":"https:\/\/api.w.org\/{rel}","templated":true}]}}