{"id":78885,"date":"2025-07-14T15:31:21","date_gmt":"2025-07-14T12:31:21","guid":{"rendered":"https:\/\/demo8.ecube.lv\/sezona.lv\/products\/wilson-futbola-bumba-stivale-ii\/"},"modified":"2025-07-14T15:31:21","modified_gmt":"2025-07-14T12:31:21","slug":"wilson-futbola-bumba-stivale-ii","status":"publish","type":"product","link":"https:\/\/sezona.lv\/en\/products\/wilson-futbola-bumba-stivale-ii\/","title":{"rendered":"Wilson Futbola bumba STIVALE II"},"content":{"rendered":"<p>Augstas kvalit\u0101tes treni\u0146u futbola bumba no kompoz\u012bta TPU materi\u0101la.<\/p>\n<p>&Scaron;\u016bta no 20 pane\u013ciem. Pane\u013ci parkl\u0101ti ar m\u012bkst\u0101m EVA&nbsp; put\u0101m uzlabot\u0101m atsitienam un izt\u016br\u012bbai.<\/p>\n<p>Atz\u012bta: NCAA, NFHS.<\/p>\n<p>Izm\u0113rs: 5<\/p>\n","protected":false},"excerpt":{"rendered":"<p>Augstas kvalit\u0101tes treni\u0146u futbola bumba no kompoz\u012bta TPU materi\u0101la. &Scaron;\u016bta no 20 pane\u013ciem. Pane\u013ci parkl\u0101ti ar m\u012bkst\u0101m EVA&nbsp; put\u0101m uzlabot\u0101m atsitienam un izt\u016br\u012bbai. Atz\u012bta: NCAA, NFHS. Izm\u0113rs: 5<\/p>\n","protected":false},"featured_media":0,"template":"","meta":[],"product_brand":[920],"product_cat":[4587,4602,4671,4672],"product_tag":[],"class_list":{"0":"post-78885","1":"product","2":"type-product","3":"status-publish","5":"product_brand-wilson","6":"product_cat-sports","7":"product_cat-summer-sports-sports","8":"product_cat-football-summer-sports-sports","9":"product_cat-soccer-balls-football-summer-sports-sports","11":"first","12":"instock","13":"shipping-taxable","14":"purchasable","15":"product-type-simple"},"_links":{"self":[{"href":"https:\/\/sezona.lv\/en\/wp-json\/wp\/v2\/product\/78885","targetHints":{"allow":["GET"]}}],"collection":[{"href":"https:\/\/sezona.lv\/en\/wp-json\/wp\/v2\/product"}],"about":[{"href":"https:\/\/sezona.lv\/en\/wp-json\/wp\/v2\/types\/product"}],"wp:attachment":[{"href":"https:\/\/sezona.lv\/en\/wp-json\/wp\/v2\/media?parent=78885"}],"wp:term":[{"taxonomy":"product_brand","embeddable":true,"href":"https:\/\/sezona.lv\/en\/wp-json\/wp\/v2\/product_brand?post=78885"},{"taxonomy":"product_cat","embeddable":true,"href":"https:\/\/sezona.lv\/en\/wp-json\/wp\/v2\/product_cat?post=78885"},{"taxonomy":"product_tag","embeddable":true,"href":"https:\/\/sezona.lv\/en\/wp-json\/wp\/v2\/product_tag?post=78885"}],"curies":[{"name":"wp","href":"https:\/\/api.w.org\/{rel}","templated":true}]}}