{"id":78888,"date":"2025-07-14T15:31:24","date_gmt":"2025-07-14T12:31:24","guid":{"rendered":"https:\/\/demo8.ecube.lv\/sezona.lv\/products\/wilson-futbola-bumba-copia-ii-sz3\/"},"modified":"2025-07-14T15:31:24","modified_gmt":"2025-07-14T12:31:24","slug":"wilson-futbola-bumba-copia-ii-sz3","status":"publish","type":"product","link":"https:\/\/sezona.lv\/en\/products\/wilson-futbola-bumba-copia-ii-sz3\/","title":{"rendered":"Wilson Futbola bumba COPIA II SZ3"},"content":{"rendered":"<p>Jauna dizaina futbola bumba.&nbsp; mitrumiztur\u012bga sint\u0113tisk\u0101 \u0101da.<\/p>\n<p>Konstrukcija no 30&nbsp; pane\u013ciem, uz ma&scaron;\u012bnas &scaron;\u016bta bumba.<\/p>\n<p>Sp\u0113c\u012bga karkasa konstrukcija optim\u0101lai formas saglab\u0101&scaron;anai.<\/p>\n<p>Izcilas kvalit\u0101tes butilkau\u010duka kamera, augst\u0101kai gaisa saglab\u0101&scaron;anas sp\u0113jai un atsitiena raksturojumiem.<\/p>\n<p>Izm\u0113rs 3<\/p>\n","protected":false},"excerpt":{"rendered":"<p>Jauna dizaina futbola bumba.&nbsp; mitrumiztur\u012bga sint\u0113tisk\u0101 \u0101da. Konstrukcija no 30&nbsp; pane\u013ciem, uz ma&scaron;\u012bnas &scaron;\u016bta bumba. Sp\u0113c\u012bga karkasa konstrukcija optim\u0101lai formas saglab\u0101&scaron;anai. Izcilas kvalit\u0101tes butilkau\u010duka kamera, augst\u0101kai gaisa saglab\u0101&scaron;anas sp\u0113jai un atsitiena raksturojumiem. Izm\u0113rs 3<\/p>\n","protected":false},"featured_media":0,"template":"","meta":[],"product_brand":[920],"product_cat":[4587,4602,4671,4672],"product_tag":[],"class_list":{"0":"post-78888","1":"product","2":"type-product","3":"status-publish","5":"product_brand-wilson","6":"product_cat-sports","7":"product_cat-summer-sports-sports","8":"product_cat-football-summer-sports-sports","9":"product_cat-soccer-balls-football-summer-sports-sports","11":"first","12":"instock","13":"shipping-taxable","14":"purchasable","15":"product-type-simple"},"_links":{"self":[{"href":"https:\/\/sezona.lv\/en\/wp-json\/wp\/v2\/product\/78888","targetHints":{"allow":["GET"]}}],"collection":[{"href":"https:\/\/sezona.lv\/en\/wp-json\/wp\/v2\/product"}],"about":[{"href":"https:\/\/sezona.lv\/en\/wp-json\/wp\/v2\/types\/product"}],"wp:attachment":[{"href":"https:\/\/sezona.lv\/en\/wp-json\/wp\/v2\/media?parent=78888"}],"wp:term":[{"taxonomy":"product_brand","embeddable":true,"href":"https:\/\/sezona.lv\/en\/wp-json\/wp\/v2\/product_brand?post=78888"},{"taxonomy":"product_cat","embeddable":true,"href":"https:\/\/sezona.lv\/en\/wp-json\/wp\/v2\/product_cat?post=78888"},{"taxonomy":"product_tag","embeddable":true,"href":"https:\/\/sezona.lv\/en\/wp-json\/wp\/v2\/product_tag?post=78888"}],"curies":[{"name":"wp","href":"https:\/\/api.w.org\/{rel}","templated":true}]}}