{"id":78890,"date":"2025-07-14T15:31:26","date_gmt":"2025-07-14T12:31:26","guid":{"rendered":"https:\/\/demo8.ecube.lv\/sezona.lv\/products\/wilson-volejbola-bumba-tour-pro\/"},"modified":"2025-07-14T15:31:26","modified_gmt":"2025-07-14T12:31:26","slug":"wilson-volejbola-bumba-tour-pro","status":"publish","type":"product","link":"https:\/\/sezona.lv\/en\/products\/wilson-volejbola-bumba-tour-pro\/","title":{"rendered":"Wilson Volejbola bumba TOUR PRO"},"content":{"rendered":"<p>Volejbola bumba no iztur\u012bgas sint\u0113tisk\u0101s \u0101das, izveidota speci\u0101li sp\u0113l\u0113m telp\u0101s.<\/p>\n<p>V-&scaron;uvju konstrukcija maz\u0101k abraz\u012bviem kan\u0101liem.<\/p>\n","protected":false},"excerpt":{"rendered":"<p>Volejbola bumba no iztur\u012bgas sint\u0113tisk\u0101s \u0101das, izveidota speci\u0101li sp\u0113l\u0113m telp\u0101s. V-&scaron;uvju konstrukcija maz\u0101k abraz\u012bviem kan\u0101liem.<\/p>\n","protected":false},"featured_media":0,"template":"","meta":[],"product_brand":[920],"product_cat":[4587,4602,4669,4670],"product_tag":[],"class_list":{"0":"post-78890","1":"product","2":"type-product","3":"status-publish","5":"product_brand-wilson","6":"product_cat-sports","7":"product_cat-summer-sports-sports","8":"product_cat-volleyball-summer-sports-sports","9":"product_cat-volley-balls-volleyball-summer-sports-sports","11":"first","12":"instock","13":"shipping-taxable","14":"purchasable","15":"product-type-simple"},"_links":{"self":[{"href":"https:\/\/sezona.lv\/en\/wp-json\/wp\/v2\/product\/78890","targetHints":{"allow":["GET"]}}],"collection":[{"href":"https:\/\/sezona.lv\/en\/wp-json\/wp\/v2\/product"}],"about":[{"href":"https:\/\/sezona.lv\/en\/wp-json\/wp\/v2\/types\/product"}],"wp:attachment":[{"href":"https:\/\/sezona.lv\/en\/wp-json\/wp\/v2\/media?parent=78890"}],"wp:term":[{"taxonomy":"product_brand","embeddable":true,"href":"https:\/\/sezona.lv\/en\/wp-json\/wp\/v2\/product_brand?post=78890"},{"taxonomy":"product_cat","embeddable":true,"href":"https:\/\/sezona.lv\/en\/wp-json\/wp\/v2\/product_cat?post=78890"},{"taxonomy":"product_tag","embeddable":true,"href":"https:\/\/sezona.lv\/en\/wp-json\/wp\/v2\/product_tag?post=78890"}],"curies":[{"name":"wp","href":"https:\/\/api.w.org\/{rel}","templated":true}]}}