{"id":78892,"date":"2025-07-14T15:31:28","date_gmt":"2025-07-14T12:31:28","guid":{"rendered":"https:\/\/demo8.ecube.lv\/sezona.lv\/products\/wilson-volejbola-bumba-avp-ii-replica-roza\/"},"modified":"2025-07-14T15:31:28","modified_gmt":"2025-07-14T12:31:28","slug":"wilson-volejbola-bumba-avp-ii-replica-roza","status":"publish","type":"product","link":"https:\/\/sezona.lv\/en\/products\/wilson-volejbola-bumba-avp-ii-replica-roza\/","title":{"rendered":"Wilson Volejbola bumba AVP II REPLICA (roz\u0101)"},"content":{"rendered":"<p>AVP Replica ir ofici\u0101l\u0101s 2016 gada AVP profesion\u0101las volejbola bumbas kopija.<\/p>\n<p>Materi\u0101ls sint\u0113tisk\u0101 \u0101da. &Scaron;\u016bta uz ma&scaron;\u012bnas no 18 pane\u013ciem.<\/p>\n<p>Kr\u0101sa: roza<\/p>\n","protected":false},"excerpt":{"rendered":"<p>AVP Replica ir ofici\u0101l\u0101s 2016 gada AVP profesion\u0101las volejbola bumbas kopija. Materi\u0101ls sint\u0113tisk\u0101 \u0101da. &Scaron;\u016bta uz ma&scaron;\u012bnas no 18 pane\u013ciem. Kr\u0101sa: roza<\/p>\n","protected":false},"featured_media":0,"template":"","meta":[],"product_brand":[920],"product_cat":[4587,4602,4669,4670],"product_tag":[],"class_list":{"0":"post-78892","1":"product","2":"type-product","3":"status-publish","5":"product_brand-wilson","6":"product_cat-sports","7":"product_cat-summer-sports-sports","8":"product_cat-volleyball-summer-sports-sports","9":"product_cat-volley-balls-volleyball-summer-sports-sports","11":"first","12":"instock","13":"shipping-taxable","14":"purchasable","15":"product-type-simple"},"_links":{"self":[{"href":"https:\/\/sezona.lv\/en\/wp-json\/wp\/v2\/product\/78892","targetHints":{"allow":["GET"]}}],"collection":[{"href":"https:\/\/sezona.lv\/en\/wp-json\/wp\/v2\/product"}],"about":[{"href":"https:\/\/sezona.lv\/en\/wp-json\/wp\/v2\/types\/product"}],"wp:attachment":[{"href":"https:\/\/sezona.lv\/en\/wp-json\/wp\/v2\/media?parent=78892"}],"wp:term":[{"taxonomy":"product_brand","embeddable":true,"href":"https:\/\/sezona.lv\/en\/wp-json\/wp\/v2\/product_brand?post=78892"},{"taxonomy":"product_cat","embeddable":true,"href":"https:\/\/sezona.lv\/en\/wp-json\/wp\/v2\/product_cat?post=78892"},{"taxonomy":"product_tag","embeddable":true,"href":"https:\/\/sezona.lv\/en\/wp-json\/wp\/v2\/product_tag?post=78892"}],"curies":[{"name":"wp","href":"https:\/\/api.w.org\/{rel}","templated":true}]}}