{"id":78894,"date":"2025-07-14T15:31:31","date_gmt":"2025-07-14T12:31:31","guid":{"rendered":"https:\/\/demo8.ecube.lv\/sezona.lv\/products\/wilson-volejbola-bumba-avp-aztec\/"},"modified":"2025-07-14T15:31:31","modified_gmt":"2025-07-14T12:31:31","slug":"wilson-volejbola-bumba-avp-aztec","status":"publish","type":"product","link":"https:\/\/sezona.lv\/en\/products\/wilson-volejbola-bumba-avp-aztec\/","title":{"rendered":"Wilson Volejbola bumba AVP AZTEC"},"content":{"rendered":"<p>Kr\u0101saina AVP AZTEC volejbola bumba.<\/p>\n<p>Materi\u0101ls sint\u0113tisk\u0101 \u0101da. &Scaron;\u016bta uz ma&scaron;\u012bnas no 18 pane\u013ciem.<\/p>\n","protected":false},"excerpt":{"rendered":"<p>Kr\u0101saina AVP AZTEC volejbola bumba. Materi\u0101ls sint\u0113tisk\u0101 \u0101da. &Scaron;\u016bta uz ma&scaron;\u012bnas no 18 pane\u013ciem.<\/p>\n","protected":false},"featured_media":0,"template":"","meta":[],"product_brand":[920],"product_cat":[4587,4602,4669,4670],"product_tag":[],"class_list":{"0":"post-78894","1":"product","2":"type-product","3":"status-publish","5":"product_brand-wilson","6":"product_cat-sports","7":"product_cat-summer-sports-sports","8":"product_cat-volleyball-summer-sports-sports","9":"product_cat-volley-balls-volleyball-summer-sports-sports","11":"first","12":"instock","13":"shipping-taxable","14":"purchasable","15":"product-type-simple"},"_links":{"self":[{"href":"https:\/\/sezona.lv\/en\/wp-json\/wp\/v2\/product\/78894","targetHints":{"allow":["GET"]}}],"collection":[{"href":"https:\/\/sezona.lv\/en\/wp-json\/wp\/v2\/product"}],"about":[{"href":"https:\/\/sezona.lv\/en\/wp-json\/wp\/v2\/types\/product"}],"wp:attachment":[{"href":"https:\/\/sezona.lv\/en\/wp-json\/wp\/v2\/media?parent=78894"}],"wp:term":[{"taxonomy":"product_brand","embeddable":true,"href":"https:\/\/sezona.lv\/en\/wp-json\/wp\/v2\/product_brand?post=78894"},{"taxonomy":"product_cat","embeddable":true,"href":"https:\/\/sezona.lv\/en\/wp-json\/wp\/v2\/product_cat?post=78894"},{"taxonomy":"product_tag","embeddable":true,"href":"https:\/\/sezona.lv\/en\/wp-json\/wp\/v2\/product_tag?post=78894"}],"curies":[{"name":"wp","href":"https:\/\/api.w.org\/{rel}","templated":true}]}}