{"id":78896,"date":"2025-07-14T15:31:32","date_gmt":"2025-07-14T12:31:32","guid":{"rendered":"https:\/\/demo8.ecube.lv\/sezona.lv\/products\/wilson-volejbola-bumba-wilson-cast-away\/"},"modified":"2025-07-14T15:31:32","modified_gmt":"2025-07-14T12:31:32","slug":"wilson-volejbola-bumba-wilson-cast-away","status":"publish","type":"product","link":"https:\/\/sezona.lv\/en\/products\/wilson-volejbola-bumba-wilson-cast-away\/","title":{"rendered":"Wilson Volejbola bumba WILSON CAST AWAY"},"content":{"rendered":"<p>Le\u0123end\u0101r\u0101&nbsp; &#8221;Mr.Wilsona&#8221; no 20th Fox studijas&nbsp; filmas &#8221;Cast Away&#8221;.<\/p>\n<p>Materi\u0101ls: PU. &Scaron;\u016bta uz ma&scaron;\u012bnas no 18 pane\u013ciem.<\/p>\n<p>Butilkau\u010duka kamera, augst\u0101kai gaisa saglab\u0101&scaron;anas sp\u0113jai<\/p>\n","protected":false},"excerpt":{"rendered":"<p>Le\u0123end\u0101r\u0101&nbsp; &#8221;Mr.Wilsona&#8221; no 20th Fox studijas&nbsp; filmas &#8221;Cast Away&#8221;. Materi\u0101ls: PU. &Scaron;\u016bta uz ma&scaron;\u012bnas no 18 pane\u013ciem. Butilkau\u010duka kamera, augst\u0101kai gaisa saglab\u0101&scaron;anas sp\u0113jai<\/p>\n","protected":false},"featured_media":0,"template":"","meta":[],"product_brand":[920],"product_cat":[4587,4602,4669,4670],"product_tag":[],"class_list":{"0":"post-78896","1":"product","2":"type-product","3":"status-publish","5":"product_brand-wilson","6":"product_cat-sports","7":"product_cat-summer-sports-sports","8":"product_cat-volleyball-summer-sports-sports","9":"product_cat-volley-balls-volleyball-summer-sports-sports","11":"first","12":"instock","13":"shipping-taxable","14":"purchasable","15":"product-type-simple"},"_links":{"self":[{"href":"https:\/\/sezona.lv\/en\/wp-json\/wp\/v2\/product\/78896","targetHints":{"allow":["GET"]}}],"collection":[{"href":"https:\/\/sezona.lv\/en\/wp-json\/wp\/v2\/product"}],"about":[{"href":"https:\/\/sezona.lv\/en\/wp-json\/wp\/v2\/types\/product"}],"wp:attachment":[{"href":"https:\/\/sezona.lv\/en\/wp-json\/wp\/v2\/media?parent=78896"}],"wp:term":[{"taxonomy":"product_brand","embeddable":true,"href":"https:\/\/sezona.lv\/en\/wp-json\/wp\/v2\/product_brand?post=78896"},{"taxonomy":"product_cat","embeddable":true,"href":"https:\/\/sezona.lv\/en\/wp-json\/wp\/v2\/product_cat?post=78896"},{"taxonomy":"product_tag","embeddable":true,"href":"https:\/\/sezona.lv\/en\/wp-json\/wp\/v2\/product_tag?post=78896"}],"curies":[{"name":"wp","href":"https:\/\/api.w.org\/{rel}","templated":true}]}}