{"id":78897,"date":"2025-07-11T16:48:23","date_gmt":"2025-07-11T13:48:23","guid":{"rendered":"https:\/\/demo8.ecube.lv\/sezona.lv\/products\/wilson-volejbola-bumba-cast-away-mini\/"},"modified":"2025-07-14T15:31:33","modified_gmt":"2025-07-14T12:31:33","slug":"wilson-volejbola-bumba-cast-away-mini","status":"publish","type":"product","link":"https:\/\/sezona.lv\/en\/products\/wilson-volejbola-bumba-cast-away-mini\/","title":{"rendered":"Wilson Volejbola bumba CAST AWAY MINI"},"content":{"rendered":"<p>Mini izm\u0113ra volejbola bumba. Le\u0123end\u0101r\u0101&nbsp; &#8221;Mr.Wilsona&#8221; no 20th Fox studijas&nbsp; filmas &#8221;Cast Away&#8221;.<\/p>\n<p>Ide\u0101la sportistu autogr\u0101fiem vai vienk\u0101r&scaron;i m\u0101coties sp\u0113l\u0113t jaun\u0101kiem sportistiem<\/p>\n","protected":false},"excerpt":{"rendered":"<p>Mini izm\u0113ra volejbola bumba. Le\u0123end\u0101r\u0101&nbsp; &#8221;Mr.Wilsona&#8221; no 20th Fox studijas&nbsp; filmas &#8221;Cast Away&#8221;. Ide\u0101la sportistu autogr\u0101fiem vai vienk\u0101r&scaron;i m\u0101coties sp\u0113l\u0113t jaun\u0101kiem sportistiem<\/p>\n","protected":false},"featured_media":71039,"template":"","meta":[],"product_brand":[920],"product_cat":[4602,4669,4670],"product_tag":[],"class_list":{"0":"post-78897","1":"product","2":"type-product","3":"status-publish","4":"has-post-thumbnail","6":"product_brand-wilson","7":"product_cat-summer-sports-sports","8":"product_cat-volleyball-summer-sports-sports","9":"product_cat-volley-balls-volleyball-summer-sports-sports","11":"first","12":"instock","13":"shipping-taxable","14":"purchasable","15":"product-type-simple"},"_links":{"self":[{"href":"https:\/\/sezona.lv\/en\/wp-json\/wp\/v2\/product\/78897","targetHints":{"allow":["GET"]}}],"collection":[{"href":"https:\/\/sezona.lv\/en\/wp-json\/wp\/v2\/product"}],"about":[{"href":"https:\/\/sezona.lv\/en\/wp-json\/wp\/v2\/types\/product"}],"wp:featuredmedia":[{"embeddable":true,"href":"https:\/\/sezona.lv\/en\/wp-json\/wp\/v2\/media\/71039"}],"wp:attachment":[{"href":"https:\/\/sezona.lv\/en\/wp-json\/wp\/v2\/media?parent=78897"}],"wp:term":[{"taxonomy":"product_brand","embeddable":true,"href":"https:\/\/sezona.lv\/en\/wp-json\/wp\/v2\/product_brand?post=78897"},{"taxonomy":"product_cat","embeddable":true,"href":"https:\/\/sezona.lv\/en\/wp-json\/wp\/v2\/product_cat?post=78897"},{"taxonomy":"product_tag","embeddable":true,"href":"https:\/\/sezona.lv\/en\/wp-json\/wp\/v2\/product_tag?post=78897"}],"curies":[{"name":"wp","href":"https:\/\/api.w.org\/{rel}","templated":true}]}}