{"id":78898,"date":"2025-07-11T16:48:24","date_gmt":"2025-07-11T13:48:24","guid":{"rendered":"https:\/\/demo8.ecube.lv\/sezona.lv\/products\/stiga-rakete-forward-5-concave\/"},"modified":"2025-07-14T15:31:34","modified_gmt":"2025-07-14T12:31:34","slug":"stiga-rakete-forward-5-concave","status":"publish","type":"product","link":"https:\/\/sezona.lv\/en\/products\/stiga-rakete-forward-5-concave\/","title":{"rendered":"Stiga rakete Forward 5* (concave)"},"content":{"rendered":"<p>Stiga Forward 5* concave galda tenisa rakete <br \/>Sl\u0101\u0146u skaits: 5 <br \/>Rokturis: konisks (CONCAVE) <\/p>\n<p>\u0100trums: 95 <br \/>Rot\u0101cija: 96 <br \/>Kontrole: 44<\/p>\n","protected":false},"excerpt":{"rendered":"<p>Stiga Forward 5* concave galda tenisa rakete Sl\u0101\u0146u skaits: 5 Rokturis: konisks (CONCAVE) \u0100trums: 95 Rot\u0101cija: 96 Kontrole: 44<\/p>\n","protected":false},"featured_media":71042,"template":"","meta":[],"product_brand":[898],"product_cat":[4602,4635],"product_tag":[],"class_list":{"0":"post-78898","1":"product","2":"type-product","3":"status-publish","4":"has-post-thumbnail","6":"product_brand-stiga","7":"product_cat-summer-sports-sports","8":"product_cat-ping-pong-summer-sports-sports","10":"first","11":"instock","12":"shipping-taxable","13":"purchasable","14":"product-type-simple"},"_links":{"self":[{"href":"https:\/\/sezona.lv\/en\/wp-json\/wp\/v2\/product\/78898","targetHints":{"allow":["GET"]}}],"collection":[{"href":"https:\/\/sezona.lv\/en\/wp-json\/wp\/v2\/product"}],"about":[{"href":"https:\/\/sezona.lv\/en\/wp-json\/wp\/v2\/types\/product"}],"wp:featuredmedia":[{"embeddable":true,"href":"https:\/\/sezona.lv\/en\/wp-json\/wp\/v2\/media\/71042"}],"wp:attachment":[{"href":"https:\/\/sezona.lv\/en\/wp-json\/wp\/v2\/media?parent=78898"}],"wp:term":[{"taxonomy":"product_brand","embeddable":true,"href":"https:\/\/sezona.lv\/en\/wp-json\/wp\/v2\/product_brand?post=78898"},{"taxonomy":"product_cat","embeddable":true,"href":"https:\/\/sezona.lv\/en\/wp-json\/wp\/v2\/product_cat?post=78898"},{"taxonomy":"product_tag","embeddable":true,"href":"https:\/\/sezona.lv\/en\/wp-json\/wp\/v2\/product_tag?post=78898"}],"curies":[{"name":"wp","href":"https:\/\/api.w.org\/{rel}","templated":true}]}}