{"id":78905,"date":"2025-07-11T16:48:33","date_gmt":"2025-07-11T13:48:33","guid":{"rendered":"https:\/\/demo8.ecube.lv\/sezona.lv\/products\/stiga-bumbinas-pop-spinny-bumbinas-baltas-6-gb-iep\/"},"modified":"2025-07-14T15:31:41","modified_gmt":"2025-07-14T12:31:41","slug":"stiga-bumbinas-pop-spinny-bumbinas-baltas-6-gb-iep","status":"publish","type":"product","link":"https:\/\/sezona.lv\/en\/products\/stiga-bumbinas-pop-spinny-bumbinas-baltas-6-gb-iep\/","title":{"rendered":"Stiga bumbi\u0146as POP SPINNY bumbi\u0146as, baltas, 6 gb.iep."},"content":{"rendered":"<p>Stiga bumbi\u0146as POP SPINNY bumbi\u0146as, baltas, 6 gb.iep.<\/p>\n","protected":false},"excerpt":{"rendered":"<p>Stiga bumbi\u0146as POP SPINNY bumbi\u0146as, baltas, 6 gb.iep.<\/p>\n","protected":false},"featured_media":71060,"template":"","meta":[],"product_brand":[898],"product_cat":[4602,4635],"product_tag":[],"class_list":{"0":"post-78905","1":"product","2":"type-product","3":"status-publish","4":"has-post-thumbnail","6":"product_brand-stiga","7":"product_cat-summer-sports-sports","8":"product_cat-ping-pong-summer-sports-sports","10":"first","11":"instock","12":"shipping-taxable","13":"purchasable","14":"product-type-simple"},"_links":{"self":[{"href":"https:\/\/sezona.lv\/en\/wp-json\/wp\/v2\/product\/78905","targetHints":{"allow":["GET"]}}],"collection":[{"href":"https:\/\/sezona.lv\/en\/wp-json\/wp\/v2\/product"}],"about":[{"href":"https:\/\/sezona.lv\/en\/wp-json\/wp\/v2\/types\/product"}],"wp:featuredmedia":[{"embeddable":true,"href":"https:\/\/sezona.lv\/en\/wp-json\/wp\/v2\/media\/71060"}],"wp:attachment":[{"href":"https:\/\/sezona.lv\/en\/wp-json\/wp\/v2\/media?parent=78905"}],"wp:term":[{"taxonomy":"product_brand","embeddable":true,"href":"https:\/\/sezona.lv\/en\/wp-json\/wp\/v2\/product_brand?post=78905"},{"taxonomy":"product_cat","embeddable":true,"href":"https:\/\/sezona.lv\/en\/wp-json\/wp\/v2\/product_cat?post=78905"},{"taxonomy":"product_tag","embeddable":true,"href":"https:\/\/sezona.lv\/en\/wp-json\/wp\/v2\/product_tag?post=78905"}],"curies":[{"name":"wp","href":"https:\/\/api.w.org\/{rel}","templated":true}]}}