{"id":78906,"date":"2025-07-14T15:31:42","date_gmt":"2025-07-14T12:31:42","guid":{"rendered":"https:\/\/demo8.ecube.lv\/sezona.lv\/products\/stiga-svammite-rubber-wiper\/"},"modified":"2025-07-14T15:31:42","modified_gmt":"2025-07-14T12:31:42","slug":"stiga-svammite-rubber-wiper","status":"publish","type":"product","link":"https:\/\/sezona.lv\/en\/products\/stiga-svammite-rubber-wiper\/","title":{"rendered":"Stiga \u0161vamm\u012bte Rubber Wiper"},"content":{"rendered":"<p>Stiga &scaron;vamm\u012bte Rubber Wiper<\/p>\n","protected":false},"excerpt":{"rendered":"<p>Stiga &scaron;vamm\u012bte Rubber Wiper<\/p>\n","protected":false},"featured_media":0,"template":"","meta":[],"product_brand":[898],"product_cat":[4587,4602,4635],"product_tag":[],"class_list":{"0":"post-78906","1":"product","2":"type-product","3":"status-publish","5":"product_brand-stiga","6":"product_cat-sports","7":"product_cat-summer-sports-sports","8":"product_cat-ping-pong-summer-sports-sports","10":"first","11":"instock","12":"shipping-taxable","13":"purchasable","14":"product-type-simple"},"_links":{"self":[{"href":"https:\/\/sezona.lv\/en\/wp-json\/wp\/v2\/product\/78906","targetHints":{"allow":["GET"]}}],"collection":[{"href":"https:\/\/sezona.lv\/en\/wp-json\/wp\/v2\/product"}],"about":[{"href":"https:\/\/sezona.lv\/en\/wp-json\/wp\/v2\/types\/product"}],"wp:attachment":[{"href":"https:\/\/sezona.lv\/en\/wp-json\/wp\/v2\/media?parent=78906"}],"wp:term":[{"taxonomy":"product_brand","embeddable":true,"href":"https:\/\/sezona.lv\/en\/wp-json\/wp\/v2\/product_brand?post=78906"},{"taxonomy":"product_cat","embeddable":true,"href":"https:\/\/sezona.lv\/en\/wp-json\/wp\/v2\/product_cat?post=78906"},{"taxonomy":"product_tag","embeddable":true,"href":"https:\/\/sezona.lv\/en\/wp-json\/wp\/v2\/product_tag?post=78906"}],"curies":[{"name":"wp","href":"https:\/\/api.w.org\/{rel}","templated":true}]}}