{"id":78914,"date":"2025-07-11T16:48:43","date_gmt":"2025-07-11T13:48:43","guid":{"rendered":"https:\/\/demo8.ecube.lv\/sezona.lv\/products\/stiga-udens-pudele-350ml-roza\/"},"modified":"2025-07-14T15:31:50","modified_gmt":"2025-07-14T12:31:50","slug":"stiga-udens-pudele-350ml-roza","status":"publish","type":"product","link":"https:\/\/sezona.lv\/en\/products\/stiga-udens-pudele-350ml-roza\/","title":{"rendered":"Stiga \u016bdens pudele, 350ml, roz\u0101"},"content":{"rendered":"<div id=\"item_description\" class=\"tab active\">Tips: Sporta pudele<\/div>\n<div class=\"tab active\">Materi\u0101ls: Plastmasas<\/div>\n<p>Korpusa kr\u0101sa: roz\u0101<\/p>\n","protected":false},"excerpt":{"rendered":"<p>Tips: Sporta pudele Materi\u0101ls: Plastmasas Korpusa kr\u0101sa: roz\u0101<\/p>\n","protected":false},"featured_media":71076,"template":"","meta":[],"product_brand":[898],"product_cat":[4602,4635],"product_tag":[],"class_list":{"0":"post-78914","1":"product","2":"type-product","3":"status-publish","4":"has-post-thumbnail","6":"product_brand-stiga","7":"product_cat-summer-sports-sports","8":"product_cat-ping-pong-summer-sports-sports","10":"first","11":"instock","12":"shipping-taxable","13":"purchasable","14":"product-type-simple"},"_links":{"self":[{"href":"https:\/\/sezona.lv\/en\/wp-json\/wp\/v2\/product\/78914","targetHints":{"allow":["GET"]}}],"collection":[{"href":"https:\/\/sezona.lv\/en\/wp-json\/wp\/v2\/product"}],"about":[{"href":"https:\/\/sezona.lv\/en\/wp-json\/wp\/v2\/types\/product"}],"wp:featuredmedia":[{"embeddable":true,"href":"https:\/\/sezona.lv\/en\/wp-json\/wp\/v2\/media\/71076"}],"wp:attachment":[{"href":"https:\/\/sezona.lv\/en\/wp-json\/wp\/v2\/media?parent=78914"}],"wp:term":[{"taxonomy":"product_brand","embeddable":true,"href":"https:\/\/sezona.lv\/en\/wp-json\/wp\/v2\/product_brand?post=78914"},{"taxonomy":"product_cat","embeddable":true,"href":"https:\/\/sezona.lv\/en\/wp-json\/wp\/v2\/product_cat?post=78914"},{"taxonomy":"product_tag","embeddable":true,"href":"https:\/\/sezona.lv\/en\/wp-json\/wp\/v2\/product_tag?post=78914"}],"curies":[{"name":"wp","href":"https:\/\/api.w.org\/{rel}","templated":true}]}}