{"id":78917,"date":"2025-07-14T15:31:53","date_gmt":"2025-07-14T12:31:53","guid":{"rendered":"https:\/\/demo8.ecube.lv\/sezona.lv\/products\/suunto-core-brushed-steel\/"},"modified":"2025-07-14T15:31:53","modified_gmt":"2025-07-14T12:31:53","slug":"suunto-core-brushed-steel","status":"publish","type":"product","link":"https:\/\/sezona.lv\/en\/products\/suunto-core-brushed-steel\/","title":{"rendered":"SUUNTO CORE BRUSHED STEEL"},"content":{"rendered":"<p>Altimetrs J\u0101<br \/> Barometrs J\u0101<br \/> Kompass. J\u0101<br \/> Hronogr\u0101fs \/ pulkstenis \tAtpaka\u013cskait\u012b&scaron;anas taimers; Datums; Du\u0101lais  laiks; Hronogr\u0101fs; Hronometrs; Kalend\u0101rs; Modin\u0101t\u0101js; Saull\u0113kts,  saulriets; Temperat\u016bra<br \/> Materi\u0101ls \tSilikona-gumijas siksni\u0146a; t\u0113rauds<br \/> \u016adens iztur\u012bba. 30 m<br \/> Kr\u0101sa \tMelna \/ Sudraba<br \/> \u012apa&scaron;as atz\u012bmes \tV\u0113tras sign\u0101ls<br \/> Dzi\u013cuma m\u0113r\u012bt\u0101js<br \/> Lietot\u0101ja main\u0101ma baterija<br \/> Elektroluminisc\u0113jo&scaron;s ekr\u0101ns<\/p>\n","protected":false},"excerpt":{"rendered":"<p>Altimetrs J\u0101 Barometrs J\u0101 Kompass. J\u0101 Hronogr\u0101fs \/ pulkstenis Atpaka\u013cskait\u012b&scaron;anas taimers; Datums; Du\u0101lais laiks; Hronogr\u0101fs; Hronometrs; Kalend\u0101rs; Modin\u0101t\u0101js; Saull\u0113kts, saulriets; Temperat\u016bra Materi\u0101ls Silikona-gumijas siksni\u0146a; t\u0113rauds \u016adens iztur\u012bba. 30 m Kr\u0101sa Melna \/ Sudraba \u012apa&scaron;as atz\u012bmes V\u0113tras sign\u0101ls Dzi\u013cuma m\u0113r\u012bt\u0101js Lietot\u0101ja main\u0101ma baterija Elektroluminisc\u0113jo&scaron;s ekr\u0101ns<\/p>\n","protected":false},"featured_media":0,"template":"","meta":[],"product_brand":[905],"product_cat":[4587],"product_tag":[],"class_list":{"0":"post-78917","1":"product","2":"type-product","3":"status-publish","5":"product_brand-suunto","6":"product_cat-sports","8":"first","9":"instock","10":"shipping-taxable","11":"purchasable","12":"product-type-simple"},"_links":{"self":[{"href":"https:\/\/sezona.lv\/en\/wp-json\/wp\/v2\/product\/78917","targetHints":{"allow":["GET"]}}],"collection":[{"href":"https:\/\/sezona.lv\/en\/wp-json\/wp\/v2\/product"}],"about":[{"href":"https:\/\/sezona.lv\/en\/wp-json\/wp\/v2\/types\/product"}],"wp:attachment":[{"href":"https:\/\/sezona.lv\/en\/wp-json\/wp\/v2\/media?parent=78917"}],"wp:term":[{"taxonomy":"product_brand","embeddable":true,"href":"https:\/\/sezona.lv\/en\/wp-json\/wp\/v2\/product_brand?post=78917"},{"taxonomy":"product_cat","embeddable":true,"href":"https:\/\/sezona.lv\/en\/wp-json\/wp\/v2\/product_cat?post=78917"},{"taxonomy":"product_tag","embeddable":true,"href":"https:\/\/sezona.lv\/en\/wp-json\/wp\/v2\/product_tag?post=78917"}],"curies":[{"name":"wp","href":"https:\/\/api.w.org\/{rel}","templated":true}]}}