{"id":78918,"date":"2025-07-14T15:31:53","date_gmt":"2025-07-14T12:31:53","guid":{"rendered":"https:\/\/demo8.ecube.lv\/sezona.lv\/products\/suunto-core-alu-deep-black\/"},"modified":"2025-07-14T15:31:53","modified_gmt":"2025-07-14T12:31:53","slug":"suunto-core-alu-deep-black","status":"publish","type":"product","link":"https:\/\/sezona.lv\/en\/products\/suunto-core-alu-deep-black\/","title":{"rendered":"SUUNTO CORE ALU DEEP BLACK"},"content":{"rendered":"<p>Apr\u012bkojums, bez kura neiztiks neviens klin&scaron;uk\u0101p\u0113js! SUUNTO CORE  tas ir profesionalit\u0101tes etalons visiem p\u0101r\u0113jiem rokas kompj\u016bteriem!<\/p>\n<p> CORE ir dom\u0101ts akt\u012bviem cilv\u0113kiem, kuri bie\u017ei uzturas br\u012bv\u0101 dab\u0101 un  kuriem ir \u013coti svar\u012bgi pie\u0146emt dro&scaron;us un atbild\u012bgus l\u0113mumus kalnos,  balstoties uz ieg\u016btajiem datiem.<\/p>\n<p> J\u016bs paskataties uz aug&scaron;u un redziet t\u012bras zvaig\u017e\u0146otas debesis. Turpret\u012bm  J\u016bsu Suunto Core redz v\u0113tras tuvo&scaron;anos un inform\u0113 J\u016bs par to ar Negaisa  Br\u012bdin\u0101t\u0101ja pal\u012bdz\u012bbu &ndash; viens no vair\u0101kiem intelektu\u0101lajiem r\u012bkiem,  kuri pal\u012bdz Jums pie\u0146emt vienm\u0113r pareizos l\u0113mumus. Suunto Core nodro&scaron;ina  J\u016bs ar prec\u012bziem altimetra, barometra, digit\u0101l\u0101 termometra,  laikapst\u0101k\u013cu izmai\u0146u indikatora un digit\u0101l\u0101 kompasa datiem.<\/p>\n<p> Altimetrs: augstums, datu \u017eurn\u0101ls, augstumu strarp\u012bba, autom\u0101tiska 7  dienu augstuma atmi\u0146a, main\u0101mi ierakstu interv\u0101li, re\u0101la laika vertik\u0101l\u0101  kumulat\u012bv\u0101 v\u0113rt\u012bba, temperat\u016bras kompens\u0101cija, datu grafiks<\/p>\n<p> Barometrs:j\u016bras l\u012bme\u0146a atmosf\u0113ras spiediens, absol\u016btais spiediens,  spiedienu starp\u012bba, laikapst\u0101k\u013cu mai\u0146as indikators, 7 dienu barometriska  atmi\u0146a, temperat\u016bra, negaisa br\u012bdinat\u0101js, laikapstak\u013cu grafiks<\/p>\n<p> Kompass: Zieme\u013c-Dienvidu virziens, vienk\u0101r&scaron;\u0101 kalibr\u0113&scaron;ana, peil\u0113jums  gr\u0101dos, peil\u0113juma izseko&scaron;ana, kardin\u0101ls peil\u0113jums, novirz\u012b&scaron;an\u0101s  uzst\u0101d\u012bjumi, pulkste\u0146a rot\u0113jo&scaron;\u0101 \u0101r\u0113j\u0101 mala 0&deg; &ndash; 360&deg;<\/p>\n<p> Hronogr\u0101fs\/pulkstenis: hronometrs, atpaka\u013c skait\u012b&scaron;anas taimers,  kalend\u0101rs, viens ikdienas atg\u0101din\u0101jums, saull\u0113kta \/ saulrieta laiki,  du\u0101lais laiks<\/p>\n<p> Materi\u0101li: alum\u012bnija korpuss, miner\u0101l-krist\u0101lisks stikls, \u016bdens iztur\u012bgs<\/p>\n<p> Citi: pogu blo\u0137\u0113&scaron;anas iesp\u0113ja, 4 valodu izv\u0113lne<\/p>\n<p> \u016adens iztur\u012bba: 10m<\/p>\n","protected":false},"excerpt":{"rendered":"<p>Apr\u012bkojums, bez kura neiztiks neviens klin&scaron;uk\u0101p\u0113js! SUUNTO CORE tas ir profesionalit\u0101tes etalons visiem p\u0101r\u0113jiem rokas kompj\u016bteriem! CORE ir dom\u0101ts akt\u012bviem cilv\u0113kiem, kuri bie\u017ei uzturas br\u012bv\u0101 dab\u0101 un kuriem ir \u013coti svar\u012bgi pie\u0146emt dro&scaron;us un atbild\u012bgus l\u0113mumus kalnos, balstoties uz ieg\u016btajiem datiem. J\u016bs paskataties uz aug&scaron;u un redziet t\u012bras zvaig\u017e\u0146otas debesis. Turpret\u012bm J\u016bsu Suunto Core redz [&hellip;]<\/p>\n","protected":false},"featured_media":0,"template":"","meta":[],"product_brand":[905],"product_cat":[4587],"product_tag":[],"class_list":{"0":"post-78918","1":"product","2":"type-product","3":"status-publish","5":"product_brand-suunto","6":"product_cat-sports","8":"first","9":"instock","10":"shipping-taxable","11":"purchasable","12":"product-type-simple"},"_links":{"self":[{"href":"https:\/\/sezona.lv\/en\/wp-json\/wp\/v2\/product\/78918","targetHints":{"allow":["GET"]}}],"collection":[{"href":"https:\/\/sezona.lv\/en\/wp-json\/wp\/v2\/product"}],"about":[{"href":"https:\/\/sezona.lv\/en\/wp-json\/wp\/v2\/types\/product"}],"wp:attachment":[{"href":"https:\/\/sezona.lv\/en\/wp-json\/wp\/v2\/media?parent=78918"}],"wp:term":[{"taxonomy":"product_brand","embeddable":true,"href":"https:\/\/sezona.lv\/en\/wp-json\/wp\/v2\/product_brand?post=78918"},{"taxonomy":"product_cat","embeddable":true,"href":"https:\/\/sezona.lv\/en\/wp-json\/wp\/v2\/product_cat?post=78918"},{"taxonomy":"product_tag","embeddable":true,"href":"https:\/\/sezona.lv\/en\/wp-json\/wp\/v2\/product_tag?post=78918"}],"curies":[{"name":"wp","href":"https:\/\/api.w.org\/{rel}","templated":true}]}}