{"id":78919,"date":"2025-07-14T15:31:54","date_gmt":"2025-07-14T12:31:54","guid":{"rendered":"https:\/\/demo8.ecube.lv\/sezona.lv\/products\/suunto-core-ultimate-black\/"},"modified":"2025-07-14T15:31:54","modified_gmt":"2025-07-14T12:31:54","slug":"suunto-core-ultimate-black","status":"publish","type":"product","link":"https:\/\/sezona.lv\/en\/products\/suunto-core-ultimate-black\/","title":{"rendered":"SUUNTO CORE ULTIMATE BLACK"},"content":{"rendered":"<p>Altimetrs<br \/> Augstuma robe\u017eas -500m &#8211; 9000m\/-1600ft &#8211; 29500ft<br \/> Temperat\u016bras kompens\u0101cija<br \/> \u017durn\u0101la funkcija<br \/> Precizit\u0101te 1 m<br \/> Re\u0101la laika kumulat\u012bva v\u0113rt\u012bba<br \/> Altimetera\/barometera blo\u0137\u0113&scaron;ana<br \/> Ierakstu interv\u0101li 1s, 5s, 30s, 60s<br \/> Starp\u012bbu m\u0113r\u012bjumi<\/p>\n<p> Hronogr\u0101fs<br \/> Hronometrs<br \/> Atpaka\u013cskait\u012b&scaron;anas taimeris<\/p>\n<p> Kompass<br \/> Kardin\u0101ls peil\u0113jums<br \/> Peil\u0113jumu izseko&scaron;ana<br \/> Novirz\u012b&scaron;an\u0101s uzst\u0101d\u012bjumi<br \/> Peil\u0113jums gr\u0101dos<\/p>\n<p> Batarejas<br \/> Baterijas izl\u0101des br\u012bdin\u0101jums<br \/> Nomain\u0101ma baterija<\/p>\n<p> Pulkstenis<br \/> 12\/24 h<br \/> Ikdienas atg\u0101din\u0101jumi 1<br \/> Du\u0101lais laiks<br \/> Kalend\u0101rs<\/p>\n<p> Laika apst\u0101k\u013ci<br \/> J\u016bras l\u012bme\u0146a spiediens<br \/> Temperat\u016bru diapozons -20&deg;C &ndash; +60&deg;C \/ -5&deg;F &ndash; +140&deg;F<br \/> Barometra diapozons 8,9- 32,4 inHg\/300-1100 mbar<br \/> Barometra precizit\u0101te 0,05 inHg\/1 mbar<br \/> Temperat\u016bra<br \/> Temperat\u016bras precizit\u0101te 1&deg;C\/1&deg;F<\/p>\n<p> CIts<br \/> Punktu matricas displejs<br \/> Miner\u0101l krist\u0101lu stikls<br \/> Glab\u0101&scaron;anas temperat\u016bra -30&deg;C &ndash; +60&deg;C \/ -22&deg;F &ndash; +140&deg;F<br \/> Displeja apgaismojuma tips Elektro luminiscents<br \/> Apgaismojuma opcija izmanto&scaron;anai nakt\u012b<br \/> Darba temperat\u016bra -20&deg;C &ndash; +60&deg;C \/ -5&deg;F &ndash; +140&deg;F<br \/> \u016adens iztur\u012bba 30m\/100ft<br \/> Dzi\u013cuma m\u0113r\u012bt\u0101js 10m<br \/> J\u016bras l\u012bme\u0146a spiediens<br \/> 4 valodu izv\u0113lne<\/p>\n","protected":false},"excerpt":{"rendered":"<p>Altimetrs Augstuma robe\u017eas -500m &#8211; 9000m\/-1600ft &#8211; 29500ft Temperat\u016bras kompens\u0101cija \u017durn\u0101la funkcija Precizit\u0101te 1 m Re\u0101la laika kumulat\u012bva v\u0113rt\u012bba Altimetera\/barometera blo\u0137\u0113&scaron;ana Ierakstu interv\u0101li 1s, 5s, 30s, 60s Starp\u012bbu m\u0113r\u012bjumi Hronogr\u0101fs Hronometrs Atpaka\u013cskait\u012b&scaron;anas taimeris Kompass Kardin\u0101ls peil\u0113jums Peil\u0113jumu izseko&scaron;ana Novirz\u012b&scaron;an\u0101s uzst\u0101d\u012bjumi Peil\u0113jums gr\u0101dos Batarejas Baterijas izl\u0101des br\u012bdin\u0101jums Nomain\u0101ma baterija Pulkstenis 12\/24 h Ikdienas atg\u0101din\u0101jumi 1 Du\u0101lais [&hellip;]<\/p>\n","protected":false},"featured_media":0,"template":"","meta":[],"product_brand":[905],"product_cat":[4587],"product_tag":[],"class_list":{"0":"post-78919","1":"product","2":"type-product","3":"status-publish","5":"product_brand-suunto","6":"product_cat-sports","8":"first","9":"instock","10":"shipping-taxable","11":"purchasable","12":"product-type-simple"},"_links":{"self":[{"href":"https:\/\/sezona.lv\/en\/wp-json\/wp\/v2\/product\/78919","targetHints":{"allow":["GET"]}}],"collection":[{"href":"https:\/\/sezona.lv\/en\/wp-json\/wp\/v2\/product"}],"about":[{"href":"https:\/\/sezona.lv\/en\/wp-json\/wp\/v2\/types\/product"}],"wp:attachment":[{"href":"https:\/\/sezona.lv\/en\/wp-json\/wp\/v2\/media?parent=78919"}],"wp:term":[{"taxonomy":"product_brand","embeddable":true,"href":"https:\/\/sezona.lv\/en\/wp-json\/wp\/v2\/product_brand?post=78919"},{"taxonomy":"product_cat","embeddable":true,"href":"https:\/\/sezona.lv\/en\/wp-json\/wp\/v2\/product_cat?post=78919"},{"taxonomy":"product_tag","embeddable":true,"href":"https:\/\/sezona.lv\/en\/wp-json\/wp\/v2\/product_tag?post=78919"}],"curies":[{"name":"wp","href":"https:\/\/api.w.org\/{rel}","templated":true}]}}