{"id":78922,"date":"2025-07-11T16:48:51","date_gmt":"2025-07-11T13:48:51","guid":{"rendered":"https:\/\/demo8.ecube.lv\/sezona.lv\/products\/suunto-core-black-silicone-strap\/"},"modified":"2025-07-14T15:31:56","modified_gmt":"2025-07-14T12:31:56","slug":"suunto-core-black-silicone-strap","status":"publish","type":"product","link":"https:\/\/sezona.lv\/en\/products\/suunto-core-black-silicone-strap\/","title":{"rendered":"SUUNTO CORE BLACK SILICONE STRAP"},"content":{"rendered":"<p>Siksni\u0146a ir piem\u0113rota vis\u0101m Suunto Core mode\u013ciem. Komplekt\u0101 ietilpst siksni\u0146a un tapas to stiprin\u0101jumam.<\/p>\n","protected":false},"excerpt":{"rendered":"<p>Siksni\u0146a ir piem\u0113rota vis\u0101m Suunto Core mode\u013ciem. Komplekt\u0101 ietilpst siksni\u0146a un tapas to stiprin\u0101jumam.<\/p>\n","protected":false},"featured_media":71088,"template":"","meta":[],"product_brand":[905],"product_cat":[967],"product_tag":[],"class_list":{"0":"post-78922","1":"product","2":"type-product","3":"status-publish","4":"has-post-thumbnail","6":"product_brand-suunto","7":"product_cat-bez-kategorijas","9":"first","10":"instock","11":"shipping-taxable","12":"purchasable","13":"product-type-simple"},"_links":{"self":[{"href":"https:\/\/sezona.lv\/en\/wp-json\/wp\/v2\/product\/78922","targetHints":{"allow":["GET"]}}],"collection":[{"href":"https:\/\/sezona.lv\/en\/wp-json\/wp\/v2\/product"}],"about":[{"href":"https:\/\/sezona.lv\/en\/wp-json\/wp\/v2\/types\/product"}],"wp:featuredmedia":[{"embeddable":true,"href":"https:\/\/sezona.lv\/en\/wp-json\/wp\/v2\/media\/71088"}],"wp:attachment":[{"href":"https:\/\/sezona.lv\/en\/wp-json\/wp\/v2\/media?parent=78922"}],"wp:term":[{"taxonomy":"product_brand","embeddable":true,"href":"https:\/\/sezona.lv\/en\/wp-json\/wp\/v2\/product_brand?post=78922"},{"taxonomy":"product_cat","embeddable":true,"href":"https:\/\/sezona.lv\/en\/wp-json\/wp\/v2\/product_cat?post=78922"},{"taxonomy":"product_tag","embeddable":true,"href":"https:\/\/sezona.lv\/en\/wp-json\/wp\/v2\/product_tag?post=78922"}],"curies":[{"name":"wp","href":"https:\/\/api.w.org\/{rel}","templated":true}]}}