{"id":78934,"date":"2025-07-14T15:32:08","date_gmt":"2025-07-14T12:32:08","guid":{"rendered":"https:\/\/demo8.ecube.lv\/sezona.lv\/products\/suunto-core-crush-violet-flat-silicone-strap\/"},"modified":"2025-07-14T15:32:08","modified_gmt":"2025-07-14T12:32:08","slug":"suunto-core-crush-violet-flat-silicone-strap","status":"publish","type":"product","link":"https:\/\/sezona.lv\/en\/products\/suunto-core-crush-violet-flat-silicone-strap\/","title":{"rendered":"SUUNTO CORE CRUSH VIOLET FLAT SILICONE STRAP"},"content":{"rendered":"<p>Siksni\u0146a ir piem\u0113rota visiem Suunto Core mode\u013ciem.&nbsp;<\/p>\n<p> Materi\u0101ls: Silikons<br \/> Komplekts ietver siksni\u0146u, tapas, cilpas un skr\u016bves<\/p>\n","protected":false},"excerpt":{"rendered":"<p>Siksni\u0146a ir piem\u0113rota visiem Suunto Core mode\u013ciem.&nbsp; Materi\u0101ls: Silikons Komplekts ietver siksni\u0146u, tapas, cilpas un skr\u016bves<\/p>\n","protected":false},"featured_media":0,"template":"","meta":[],"product_brand":[905],"product_cat":[4587],"product_tag":[],"class_list":{"0":"post-78934","1":"product","2":"type-product","3":"status-publish","5":"product_brand-suunto","6":"product_cat-sports","8":"first","9":"instock","10":"shipping-taxable","11":"purchasable","12":"product-type-simple"},"_links":{"self":[{"href":"https:\/\/sezona.lv\/en\/wp-json\/wp\/v2\/product\/78934","targetHints":{"allow":["GET"]}}],"collection":[{"href":"https:\/\/sezona.lv\/en\/wp-json\/wp\/v2\/product"}],"about":[{"href":"https:\/\/sezona.lv\/en\/wp-json\/wp\/v2\/types\/product"}],"wp:attachment":[{"href":"https:\/\/sezona.lv\/en\/wp-json\/wp\/v2\/media?parent=78934"}],"wp:term":[{"taxonomy":"product_brand","embeddable":true,"href":"https:\/\/sezona.lv\/en\/wp-json\/wp\/v2\/product_brand?post=78934"},{"taxonomy":"product_cat","embeddable":true,"href":"https:\/\/sezona.lv\/en\/wp-json\/wp\/v2\/product_cat?post=78934"},{"taxonomy":"product_tag","embeddable":true,"href":"https:\/\/sezona.lv\/en\/wp-json\/wp\/v2\/product_tag?post=78934"}],"curies":[{"name":"wp","href":"https:\/\/api.w.org\/{rel}","templated":true}]}}