{"id":78937,"date":"2025-07-14T15:32:11","date_gmt":"2025-07-14T12:32:11","guid":{"rendered":"https:\/\/demo8.ecube.lv\/sezona.lv\/products\/suunto-m5-women-black-silver-pack\/"},"modified":"2025-07-14T15:32:11","modified_gmt":"2025-07-14T12:32:11","slug":"suunto-m5-women-black-silver-pack","status":"publish","type":"product","link":"https:\/\/sezona.lv\/en\/products\/suunto-m5-women-black-silver-pack\/","title":{"rendered":"SUUNTO M5 WOMEN BLACK\/SILVER PACK"},"content":{"rendered":"<p>Suunto M5 <br \/>Ikdienas vingrin\u0101jumi: individu\u0101l\u0101 programma un motiv\u0101cija  <br \/>Hronogr\u0101fs, pulsa monitors, pulkstenis, kaloriju skait\u012bt\u0101js, personaliz\u0101cija.  <\/p>\n<p>Tehniskie dati  <\/p>\n<p>\u012apatn\u012bbas  <br \/>Fizisk\u0101s sagatavot\u012bbas p\u0101rbaude  <br \/>Tr\u012bs darb\u012bbas varianti: fizisk\u0101s formas uzlabo&scaron;ana, svara samazin\u0101&scaron;ana un patva\u013c\u012bgi treni\u0146i  <br \/>T\u0101l\u0101k\u0101s treni\u0146u programmas autom\u0101tisk\u0101 korekcija ned\u0113\u013cas beig\u0101s  <br \/>Past\u0101v\u012bga slodzes un laika kontrole treni\u0146a laik\u0101  <br \/>T\u0101l\u0101ko nodarb\u012bbu korekcija: ilguma un slodzes  <br \/>Josta Suunto Dual Comfort, savietojams ar liel\u0101ko da\u013cu kardio-ier\u012b\u010du un Suunto Fitness Solution  <br \/>Rezult\u0101tus iesp\u0113jams iel\u0101d\u0113t Movescount.com (ar uztv\u0113r\u0113ju Suunto Movestick)  <br \/>Atjaunin\u0101ta treni\u0146u programma Movescount.com (ar uztv\u0113r\u0113ju Suunto Movestick)  <br \/>Rekomend\u0101cijas sp\u0113ka atjauno&scaron;anai p\u0113c treni\u0146a  <br \/>Noiet\u0101s distances un \u0101truma kontrole (ar raid\u012bt\u0101ju Suunto Foot POD, Suunto Bike POD vai Suunto GPS POD)  <\/p>\n<p>Pulsa-monitors <br \/>atmi\u0146a viens \u017eurn\u0101ls  <br \/>pulsa monitora zonu uzst\u0101d\u012b&scaron;ana  <br \/>vid\u0113jais pulss re\u0101l\u0101 laik\u0101  <br \/>kaloriju skait\u012bt\u0101js  <br \/>sign\u0101lu kod\u0113&scaron;anas sist\u0113ma ANT  <\/p>\n<p>Pulkste\u0146i <br \/>re\u017e\u012bmi 12\/24 h  <br \/>modin\u0101t\u0101js  <br \/>dubultais laiks  <br \/>kalend\u0101rs  <\/p>\n<p>Papildus <br \/>interfeiss uz izv\u0113lnes pamata  <br \/>viegli nomain\u0101ma baterija  <br \/>elektro-luminiscentais apgaismojums  <br \/>\u016bdensnecaurlaid\u012bgs l\u012bdz 30 m<\/p>\n","protected":false},"excerpt":{"rendered":"<p>Suunto M5 Ikdienas vingrin\u0101jumi: individu\u0101l\u0101 programma un motiv\u0101cija Hronogr\u0101fs, pulsa monitors, pulkstenis, kaloriju skait\u012bt\u0101js, personaliz\u0101cija. Tehniskie dati \u012apatn\u012bbas Fizisk\u0101s sagatavot\u012bbas p\u0101rbaude Tr\u012bs darb\u012bbas varianti: fizisk\u0101s formas uzlabo&scaron;ana, svara samazin\u0101&scaron;ana un patva\u013c\u012bgi treni\u0146i T\u0101l\u0101k\u0101s treni\u0146u programmas autom\u0101tisk\u0101 korekcija ned\u0113\u013cas beig\u0101s Past\u0101v\u012bga slodzes un laika kontrole treni\u0146a laik\u0101 T\u0101l\u0101ko nodarb\u012bbu korekcija: ilguma un slodzes Josta Suunto Dual [&hellip;]<\/p>\n","protected":false},"featured_media":0,"template":"","meta":[],"product_brand":[905],"product_cat":[4587],"product_tag":[],"class_list":{"0":"post-78937","1":"product","2":"type-product","3":"status-publish","5":"product_brand-suunto","6":"product_cat-sports","8":"first","9":"instock","10":"shipping-taxable","11":"purchasable","12":"product-type-simple"},"_links":{"self":[{"href":"https:\/\/sezona.lv\/en\/wp-json\/wp\/v2\/product\/78937","targetHints":{"allow":["GET"]}}],"collection":[{"href":"https:\/\/sezona.lv\/en\/wp-json\/wp\/v2\/product"}],"about":[{"href":"https:\/\/sezona.lv\/en\/wp-json\/wp\/v2\/types\/product"}],"wp:attachment":[{"href":"https:\/\/sezona.lv\/en\/wp-json\/wp\/v2\/media?parent=78937"}],"wp:term":[{"taxonomy":"product_brand","embeddable":true,"href":"https:\/\/sezona.lv\/en\/wp-json\/wp\/v2\/product_brand?post=78937"},{"taxonomy":"product_cat","embeddable":true,"href":"https:\/\/sezona.lv\/en\/wp-json\/wp\/v2\/product_cat?post=78937"},{"taxonomy":"product_tag","embeddable":true,"href":"https:\/\/sezona.lv\/en\/wp-json\/wp\/v2\/product_tag?post=78937"}],"curies":[{"name":"wp","href":"https:\/\/api.w.org\/{rel}","templated":true}]}}