{"id":78938,"date":"2025-07-14T15:32:12","date_gmt":"2025-07-14T12:32:12","guid":{"rendered":"https:\/\/demo8.ecube.lv\/sezona.lv\/products\/suunto-bike-sensor\/"},"modified":"2025-07-14T15:32:12","modified_gmt":"2025-07-14T12:32:12","slug":"suunto-bike-sensor","status":"publish","type":"product","link":"https:\/\/sezona.lv\/en\/products\/suunto-bike-sensor\/","title":{"rendered":"SUUNTO BIKE SENSOR"},"content":{"rendered":"<p>Suunto Bike Sensor m\u0113ra kadenci, \u0101trumu, att\u0101lumu. Lieliski  piem\u0113rots teni\u0146iem iek&scaron;elp\u0101s, kalnu rite\u0146brauk&scaron;anai, izmantojams viet\u0101s,  kur  GPS uztver&scaron;ana var b\u016bt apgr\u016btino&scaron;a. Viegli uzst\u0101d\u0101ms, \u0113rti  lietojams.<br \/> Sader\u012bgs ar sporta pulkste\u0146iem un mobilo programmu, kas atbalsta Bluetooth Smart vai ANT +.<br \/> Nav sader\u012bgs ar Suunto AMBIT mode\u013ciem: visiem 1st generation, Ambit2 R un Ambit3 Run; Suunto Quest un M-Series pulkste\u0146iem.<\/p>\n","protected":false},"excerpt":{"rendered":"<p>Suunto Bike Sensor m\u0113ra kadenci, \u0101trumu, att\u0101lumu. Lieliski piem\u0113rots teni\u0146iem iek&scaron;elp\u0101s, kalnu rite\u0146brauk&scaron;anai, izmantojams viet\u0101s, kur GPS uztver&scaron;ana var b\u016bt apgr\u016btino&scaron;a. Viegli uzst\u0101d\u0101ms, \u0113rti lietojams. Sader\u012bgs ar sporta pulkste\u0146iem un mobilo programmu, kas atbalsta Bluetooth Smart vai ANT +. Nav sader\u012bgs ar Suunto AMBIT mode\u013ciem: visiem 1st generation, Ambit2 R un Ambit3 Run; Suunto Quest [&hellip;]<\/p>\n","protected":false},"featured_media":0,"template":"","meta":[],"product_brand":[905],"product_cat":[4587],"product_tag":[],"class_list":{"0":"post-78938","1":"product","2":"type-product","3":"status-publish","5":"product_brand-suunto","6":"product_cat-sports","8":"first","9":"instock","10":"shipping-taxable","11":"purchasable","12":"product-type-simple"},"_links":{"self":[{"href":"https:\/\/sezona.lv\/en\/wp-json\/wp\/v2\/product\/78938","targetHints":{"allow":["GET"]}}],"collection":[{"href":"https:\/\/sezona.lv\/en\/wp-json\/wp\/v2\/product"}],"about":[{"href":"https:\/\/sezona.lv\/en\/wp-json\/wp\/v2\/types\/product"}],"wp:attachment":[{"href":"https:\/\/sezona.lv\/en\/wp-json\/wp\/v2\/media?parent=78938"}],"wp:term":[{"taxonomy":"product_brand","embeddable":true,"href":"https:\/\/sezona.lv\/en\/wp-json\/wp\/v2\/product_brand?post=78938"},{"taxonomy":"product_cat","embeddable":true,"href":"https:\/\/sezona.lv\/en\/wp-json\/wp\/v2\/product_cat?post=78938"},{"taxonomy":"product_tag","embeddable":true,"href":"https:\/\/sezona.lv\/en\/wp-json\/wp\/v2\/product_tag?post=78938"}],"curies":[{"name":"wp","href":"https:\/\/api.w.org\/{rel}","templated":true}]}}