{"id":78939,"date":"2025-07-11T16:49:12","date_gmt":"2025-07-11T13:49:12","guid":{"rendered":"https:\/\/demo8.ecube.lv\/sezona.lv\/products\/suunto-smart-sensor\/"},"modified":"2025-07-14T15:32:13","modified_gmt":"2025-07-14T12:32:13","slug":"suunto-smart-sensor","status":"publish","type":"product","link":"https:\/\/sezona.lv\/en\/products\/suunto-smart-sensor\/","title":{"rendered":"SUUNTO SMART SENSOR"},"content":{"rendered":"<p>Jaunais Suunto Smart Sensor sirdsdarb\u012bbas no\u0146em&scaron;anai un seko&scaron;anai. Taj\u0101  pa&scaron;\u0101 laik\u0101, Suunto ir atkl\u0101jis jaunu risin\u0101jumu sirdsdarb\u012bbas  nolas\u012b&scaron;anai un seko&scaron;anai &#8211; Suunto Smart Sensor. Pateicoties  revolucion\u0101raj\u0101m, konstrukt\u012bvaj\u0101m \u012bpatn\u012bb\u0101m tas ir visskompakt\u0101kais.  Jaunais sensors garant\u0113 sirdsdarb\u012bbas fiks\u0101cijas precizit\u0101ti un ir \u013coti  \u0113rts lieto&scaron;an\u0101. MovesenseTM tehnolo\u0123ijas izmanto&scaron;ana \u013cauj savienot jauno  Suunto Smart Sensor ar jauno Suunto sirdsdarb\u012bbas jostu vai ar jebkuru  ar to savienojamo sporta iek\u0101rtu. Savienojum\u0101 ar Suunto sirdsdarb\u012bbas  jostu Suunto Smart Sensor tagad var nolas\u012bt sirdsdarb\u012bbu ar\u012b kad J\u016bs  peldat. Peld\u0113&scaron;anas laik\u0101 J\u016bsu sirdsdarb\u012bbas dati tiek saglab\u0101ti sensor\u0101  un, izejot no \u016bdens, dati tiek p\u0101rl\u0101d\u0113ti bezvadu re\u017e\u012bm\u0101 uz J\u016bsu Ambit3  pulksteni vai Suunto Movescount App. Suunto Smart Sensor ar jostu tiks  iek\u013cauts Ambit3 Peak un Ambit3 Sport HR versij\u0101 un jostu var\u0113s  ieg\u0101d\u0101ties ar\u012b atsevi&scaron;\u0137i un izmantot kop\u0101 ar Suunto Movescount App vai  cit\u0101m ar Bluetooth&reg; Smart savienojam\u0101m ier\u012bc\u0113m.<\/p>\n","protected":false},"excerpt":{"rendered":"<p>Jaunais Suunto Smart Sensor sirdsdarb\u012bbas no\u0146em&scaron;anai un seko&scaron;anai. Taj\u0101 pa&scaron;\u0101 laik\u0101, Suunto ir atkl\u0101jis jaunu risin\u0101jumu sirdsdarb\u012bbas nolas\u012b&scaron;anai un seko&scaron;anai &#8211; Suunto Smart Sensor. Pateicoties revolucion\u0101raj\u0101m, konstrukt\u012bvaj\u0101m \u012bpatn\u012bb\u0101m tas ir visskompakt\u0101kais. Jaunais sensors garant\u0113 sirdsdarb\u012bbas fiks\u0101cijas precizit\u0101ti un ir \u013coti \u0113rts lieto&scaron;an\u0101. MovesenseTM tehnolo\u0123ijas izmanto&scaron;ana \u013cauj savienot jauno Suunto Smart Sensor ar jauno Suunto sirdsdarb\u012bbas [&hellip;]<\/p>\n","protected":false},"featured_media":71127,"template":"","meta":[],"product_brand":[905],"product_cat":[967],"product_tag":[],"class_list":{"0":"post-78939","1":"product","2":"type-product","3":"status-publish","4":"has-post-thumbnail","6":"product_brand-suunto","7":"product_cat-bez-kategorijas","9":"first","10":"instock","11":"shipping-taxable","12":"purchasable","13":"product-type-simple"},"_links":{"self":[{"href":"https:\/\/sezona.lv\/en\/wp-json\/wp\/v2\/product\/78939","targetHints":{"allow":["GET"]}}],"collection":[{"href":"https:\/\/sezona.lv\/en\/wp-json\/wp\/v2\/product"}],"about":[{"href":"https:\/\/sezona.lv\/en\/wp-json\/wp\/v2\/types\/product"}],"wp:featuredmedia":[{"embeddable":true,"href":"https:\/\/sezona.lv\/en\/wp-json\/wp\/v2\/media\/71127"}],"wp:attachment":[{"href":"https:\/\/sezona.lv\/en\/wp-json\/wp\/v2\/media?parent=78939"}],"wp:term":[{"taxonomy":"product_brand","embeddable":true,"href":"https:\/\/sezona.lv\/en\/wp-json\/wp\/v2\/product_brand?post=78939"},{"taxonomy":"product_cat","embeddable":true,"href":"https:\/\/sezona.lv\/en\/wp-json\/wp\/v2\/product_cat?post=78939"},{"taxonomy":"product_tag","embeddable":true,"href":"https:\/\/sezona.lv\/en\/wp-json\/wp\/v2\/product_tag?post=78939"}],"curies":[{"name":"wp","href":"https:\/\/api.w.org\/{rel}","templated":true}]}}