{"id":78940,"date":"2025-07-14T15:32:14","date_gmt":"2025-07-14T12:32:14","guid":{"rendered":"https:\/\/demo8.ecube.lv\/sezona.lv\/products\/suunto-ant-comfort-belt\/"},"modified":"2025-07-14T15:32:14","modified_gmt":"2025-07-14T12:32:14","slug":"suunto-ant-comfort-belt","status":"publish","type":"product","link":"https:\/\/sezona.lv\/en\/products\/suunto-ant-comfort-belt\/","title":{"rendered":"SUUNTO ANT COMFORT BELT"},"content":{"rendered":"<p>Sunnto ANT &#8211; \u0113rta sirds ritma josta, kas \u012bpa&scaron;i piem\u0113rota fitnesa z\u0101les  apmekl\u0113jumam un ir savietojamas ar liel\u0101ko da\u013cu kardiokontroles  iek\u0101rt\u0101m, tai skait\u0101, ar\u012b ar Suunto pulsometriem. <br \/>* Sirdsklauves m\u0113r\u012bjums un izlietotu kaloriju daudzums re\u0101la laika re\u017e\u012bm\u0101  <br \/>* Datu p\u0101rraide ar ANT tehnolo\u0123iju ar aizsardz\u012bbu pret trauc\u0113jumiem <br \/>* Viegli regul\u0113jama siksna <br \/>* Nomain\u0101ma baterija <br \/>* \u016adens iztur\u012bba l\u012bdz 20m<\/p>\n","protected":false},"excerpt":{"rendered":"<p>Sunnto ANT &#8211; \u0113rta sirds ritma josta, kas \u012bpa&scaron;i piem\u0113rota fitnesa z\u0101les apmekl\u0113jumam un ir savietojamas ar liel\u0101ko da\u013cu kardiokontroles iek\u0101rt\u0101m, tai skait\u0101, ar\u012b ar Suunto pulsometriem. * Sirdsklauves m\u0113r\u012bjums un izlietotu kaloriju daudzums re\u0101la laika re\u017e\u012bm\u0101 * Datu p\u0101rraide ar ANT tehnolo\u0123iju ar aizsardz\u012bbu pret trauc\u0113jumiem * Viegli regul\u0113jama siksna * Nomain\u0101ma baterija * [&hellip;]<\/p>\n","protected":false},"featured_media":0,"template":"","meta":[],"product_brand":[905],"product_cat":[4587],"product_tag":[],"class_list":{"0":"post-78940","1":"product","2":"type-product","3":"status-publish","5":"product_brand-suunto","6":"product_cat-sports","8":"first","9":"instock","10":"shipping-taxable","11":"purchasable","12":"product-type-simple"},"_links":{"self":[{"href":"https:\/\/sezona.lv\/en\/wp-json\/wp\/v2\/product\/78940","targetHints":{"allow":["GET"]}}],"collection":[{"href":"https:\/\/sezona.lv\/en\/wp-json\/wp\/v2\/product"}],"about":[{"href":"https:\/\/sezona.lv\/en\/wp-json\/wp\/v2\/types\/product"}],"wp:attachment":[{"href":"https:\/\/sezona.lv\/en\/wp-json\/wp\/v2\/media?parent=78940"}],"wp:term":[{"taxonomy":"product_brand","embeddable":true,"href":"https:\/\/sezona.lv\/en\/wp-json\/wp\/v2\/product_brand?post=78940"},{"taxonomy":"product_cat","embeddable":true,"href":"https:\/\/sezona.lv\/en\/wp-json\/wp\/v2\/product_cat?post=78940"},{"taxonomy":"product_tag","embeddable":true,"href":"https:\/\/sezona.lv\/en\/wp-json\/wp\/v2\/product_tag?post=78940"}],"curies":[{"name":"wp","href":"https:\/\/api.w.org\/{rel}","templated":true}]}}