{"id":78942,"date":"2025-07-11T16:49:15","date_gmt":"2025-07-11T13:49:15","guid":{"rendered":"https:\/\/demo8.ecube.lv\/sezona.lv\/products\/suunto-bike-mount\/"},"modified":"2025-07-14T15:32:15","modified_gmt":"2025-07-14T12:32:15","slug":"suunto-bike-mount","status":"publish","type":"product","link":"https:\/\/sezona.lv\/en\/products\/suunto-bike-mount\/","title":{"rendered":"SUUNTO BIKE MOUNT"},"content":{"rendered":"<p>Ar &scaron;o  velo-adapteri ir \u013coti \u0113rti piestiprin\u0101t pulksteni pie velosip\u0113da.  Komplekt\u0101 plastmasas stiprin\u0101jums ar nesl\u012bdo&scaron;\u0101m gumij\u0101m, kuras stipri  nofiks\u0113 to uz velosip\u0113da st\u016bres. Pateicoties elast\u012bgajai gumijai,  adapteri var uzlikt uz da\u017e\u0101da veida st\u016br\u0113m.<\/p>\n","protected":false},"excerpt":{"rendered":"<p>Ar &scaron;o velo-adapteri ir \u013coti \u0113rti piestiprin\u0101t pulksteni pie velosip\u0113da. Komplekt\u0101 plastmasas stiprin\u0101jums ar nesl\u012bdo&scaron;\u0101m gumij\u0101m, kuras stipri nofiks\u0113 to uz velosip\u0113da st\u016bres. Pateicoties elast\u012bgajai gumijai, adapteri var uzlikt uz da\u017e\u0101da veida st\u016br\u0113m.<\/p>\n","protected":false},"featured_media":71133,"template":"","meta":[],"product_brand":[905],"product_cat":[967],"product_tag":[],"class_list":{"0":"post-78942","1":"product","2":"type-product","3":"status-publish","4":"has-post-thumbnail","6":"product_brand-suunto","7":"product_cat-bez-kategorijas","9":"first","10":"instock","11":"shipping-taxable","12":"purchasable","13":"product-type-simple"},"_links":{"self":[{"href":"https:\/\/sezona.lv\/en\/wp-json\/wp\/v2\/product\/78942","targetHints":{"allow":["GET"]}}],"collection":[{"href":"https:\/\/sezona.lv\/en\/wp-json\/wp\/v2\/product"}],"about":[{"href":"https:\/\/sezona.lv\/en\/wp-json\/wp\/v2\/types\/product"}],"wp:featuredmedia":[{"embeddable":true,"href":"https:\/\/sezona.lv\/en\/wp-json\/wp\/v2\/media\/71133"}],"wp:attachment":[{"href":"https:\/\/sezona.lv\/en\/wp-json\/wp\/v2\/media?parent=78942"}],"wp:term":[{"taxonomy":"product_brand","embeddable":true,"href":"https:\/\/sezona.lv\/en\/wp-json\/wp\/v2\/product_brand?post=78942"},{"taxonomy":"product_cat","embeddable":true,"href":"https:\/\/sezona.lv\/en\/wp-json\/wp\/v2\/product_cat?post=78942"},{"taxonomy":"product_tag","embeddable":true,"href":"https:\/\/sezona.lv\/en\/wp-json\/wp\/v2\/product_tag?post=78942"}],"curies":[{"name":"wp","href":"https:\/\/api.w.org\/{rel}","templated":true}]}}