{"id":78946,"date":"2025-07-14T15:32:18","date_gmt":"2025-07-14T12:32:18","guid":{"rendered":"https:\/\/demo8.ecube.lv\/sezona.lv\/products\/suunto-ambit-ambit2-silver-strap\/"},"modified":"2025-07-14T15:32:18","modified_gmt":"2025-07-14T12:32:18","slug":"suunto-ambit-ambit2-silver-strap","status":"publish","type":"product","link":"https:\/\/sezona.lv\/en\/products\/suunto-ambit-ambit2-silver-strap\/","title":{"rendered":"SUUNTO AMBIT\/AMBIT2 SILVER STRAP"},"content":{"rendered":"<p>Savietojamie pulkste\u0146u ra\u017eot\u0101ji: Suunto<\/p>\n<p>Savietojamie pulkste\u0146u mode\u013ci: Ambit<\/p>\n<p>Materi\u0101ls: Silikons<\/p>\n","protected":false},"excerpt":{"rendered":"<p>Savietojamie pulkste\u0146u ra\u017eot\u0101ji: Suunto Savietojamie pulkste\u0146u mode\u013ci: Ambit Materi\u0101ls: Silikons<\/p>\n","protected":false},"featured_media":0,"template":"","meta":[],"product_brand":[905],"product_cat":[4587],"product_tag":[],"class_list":{"0":"post-78946","1":"product","2":"type-product","3":"status-publish","5":"product_brand-suunto","6":"product_cat-sports","8":"first","9":"instock","10":"shipping-taxable","11":"purchasable","12":"product-type-simple"},"_links":{"self":[{"href":"https:\/\/sezona.lv\/en\/wp-json\/wp\/v2\/product\/78946","targetHints":{"allow":["GET"]}}],"collection":[{"href":"https:\/\/sezona.lv\/en\/wp-json\/wp\/v2\/product"}],"about":[{"href":"https:\/\/sezona.lv\/en\/wp-json\/wp\/v2\/types\/product"}],"wp:attachment":[{"href":"https:\/\/sezona.lv\/en\/wp-json\/wp\/v2\/media?parent=78946"}],"wp:term":[{"taxonomy":"product_brand","embeddable":true,"href":"https:\/\/sezona.lv\/en\/wp-json\/wp\/v2\/product_brand?post=78946"},{"taxonomy":"product_cat","embeddable":true,"href":"https:\/\/sezona.lv\/en\/wp-json\/wp\/v2\/product_cat?post=78946"},{"taxonomy":"product_tag","embeddable":true,"href":"https:\/\/sezona.lv\/en\/wp-json\/wp\/v2\/product_tag?post=78946"}],"curies":[{"name":"wp","href":"https:\/\/api.w.org\/{rel}","templated":true}]}}