{"id":78948,"date":"2025-07-14T15:32:20","date_gmt":"2025-07-14T12:32:20","guid":{"rendered":"https:\/\/demo8.ecube.lv\/sezona.lv\/products\/suunto-magnetic-black-usb-cable\/"},"modified":"2025-07-14T15:32:20","modified_gmt":"2025-07-14T12:32:20","slug":"suunto-magnetic-black-usb-cable","status":"publish","type":"product","link":"https:\/\/sezona.lv\/en\/products\/suunto-magnetic-black-usb-cable\/","title":{"rendered":"SUUNTO MAGNETIC BLACK USB CABLE"},"content":{"rendered":"<p>Savietojamie pulkste\u0146u ra\u017eot\u0101ji: Suunto<\/p>\n<p>Savietojamie pulkste\u0146u mode\u013ci: Spartan Sport; Spartan Sport Wrist HR; Spartan Ultra<\/p>\n<p>Lai uzl\u0101d\u0113tu ier\u012bci, p\u0101rs\u016bt\u012btu datus vai atjaunotu programmat\u016bru<\/p>\n","protected":false},"excerpt":{"rendered":"<p>Savietojamie pulkste\u0146u ra\u017eot\u0101ji: Suunto Savietojamie pulkste\u0146u mode\u013ci: Spartan Sport; Spartan Sport Wrist HR; Spartan Ultra Lai uzl\u0101d\u0113tu ier\u012bci, p\u0101rs\u016bt\u012btu datus vai atjaunotu programmat\u016bru<\/p>\n","protected":false},"featured_media":0,"template":"","meta":[],"product_brand":[905],"product_cat":[4587],"product_tag":[],"class_list":{"0":"post-78948","1":"product","2":"type-product","3":"status-publish","5":"product_brand-suunto","6":"product_cat-sports","8":"first","9":"instock","10":"shipping-taxable","11":"purchasable","12":"product-type-simple"},"_links":{"self":[{"href":"https:\/\/sezona.lv\/en\/wp-json\/wp\/v2\/product\/78948","targetHints":{"allow":["GET"]}}],"collection":[{"href":"https:\/\/sezona.lv\/en\/wp-json\/wp\/v2\/product"}],"about":[{"href":"https:\/\/sezona.lv\/en\/wp-json\/wp\/v2\/types\/product"}],"wp:attachment":[{"href":"https:\/\/sezona.lv\/en\/wp-json\/wp\/v2\/media?parent=78948"}],"wp:term":[{"taxonomy":"product_brand","embeddable":true,"href":"https:\/\/sezona.lv\/en\/wp-json\/wp\/v2\/product_brand?post=78948"},{"taxonomy":"product_cat","embeddable":true,"href":"https:\/\/sezona.lv\/en\/wp-json\/wp\/v2\/product_cat?post=78948"},{"taxonomy":"product_tag","embeddable":true,"href":"https:\/\/sezona.lv\/en\/wp-json\/wp\/v2\/product_tag?post=78948"}],"curies":[{"name":"wp","href":"https:\/\/api.w.org\/{rel}","templated":true}]}}