{"id":78949,"date":"2025-07-11T16:49:22","date_gmt":"2025-07-11T13:49:22","guid":{"rendered":"https:\/\/demo8.ecube.lv\/sezona.lv\/products\/suunto-magnetic-white-usb-cable\/"},"modified":"2025-07-14T15:32:21","modified_gmt":"2025-07-14T12:32:21","slug":"suunto-magnetic-white-usb-cable","status":"publish","type":"product","link":"https:\/\/sezona.lv\/en\/products\/suunto-magnetic-white-usb-cable\/","title":{"rendered":"SUUNTO MAGNETIC WHITE USB CABLE"},"content":{"rendered":"<p>Savietojamie pulkste\u0146u ra\u017eot\u0101ji: Suunto<\/p>\n<p>Savietojamie pulkste\u0146u mode\u013ci: Spartan Sport; Spartan Sport Wrist HR; Spartan Ultra<\/p>\n<p>Lai uzl\u0101d\u0113tu ier\u012bci, p\u0101rs\u016bt\u012btu datus vai atjaunotu programmat\u016bru<\/p>\n","protected":false},"excerpt":{"rendered":"<p>Savietojamie pulkste\u0146u ra\u017eot\u0101ji: Suunto Savietojamie pulkste\u0146u mode\u013ci: Spartan Sport; Spartan Sport Wrist HR; Spartan Ultra Lai uzl\u0101d\u0113tu ier\u012bci, p\u0101rs\u016bt\u012btu datus vai atjaunotu programmat\u016bru<\/p>\n","protected":false},"featured_media":71148,"template":"","meta":[],"product_brand":[905],"product_cat":[967],"product_tag":[],"class_list":{"0":"post-78949","1":"product","2":"type-product","3":"status-publish","4":"has-post-thumbnail","6":"product_brand-suunto","7":"product_cat-bez-kategorijas","9":"first","10":"instock","11":"shipping-taxable","12":"purchasable","13":"product-type-simple"},"_links":{"self":[{"href":"https:\/\/sezona.lv\/en\/wp-json\/wp\/v2\/product\/78949","targetHints":{"allow":["GET"]}}],"collection":[{"href":"https:\/\/sezona.lv\/en\/wp-json\/wp\/v2\/product"}],"about":[{"href":"https:\/\/sezona.lv\/en\/wp-json\/wp\/v2\/types\/product"}],"wp:featuredmedia":[{"embeddable":true,"href":"https:\/\/sezona.lv\/en\/wp-json\/wp\/v2\/media\/71148"}],"wp:attachment":[{"href":"https:\/\/sezona.lv\/en\/wp-json\/wp\/v2\/media?parent=78949"}],"wp:term":[{"taxonomy":"product_brand","embeddable":true,"href":"https:\/\/sezona.lv\/en\/wp-json\/wp\/v2\/product_brand?post=78949"},{"taxonomy":"product_cat","embeddable":true,"href":"https:\/\/sezona.lv\/en\/wp-json\/wp\/v2\/product_cat?post=78949"},{"taxonomy":"product_tag","embeddable":true,"href":"https:\/\/sezona.lv\/en\/wp-json\/wp\/v2\/product_tag?post=78949"}],"curies":[{"name":"wp","href":"https:\/\/api.w.org\/{rel}","templated":true}]}}