{"id":78951,"date":"2025-07-11T16:49:25","date_gmt":"2025-07-11T13:49:25","guid":{"rendered":"https:\/\/demo8.ecube.lv\/sezona.lv\/products\/suunto-pm-5-spc-opti-clinometer\/"},"modified":"2025-07-14T15:32:22","modified_gmt":"2025-07-14T12:32:22","slug":"suunto-pm-5-spc-opti-clinometer","status":"publish","type":"product","link":"https:\/\/sezona.lv\/en\/products\/suunto-pm-5-spc-opti-clinometer\/","title":{"rendered":"SUUNTO PM-5\/SPC OPTI CLINOMETER"},"content":{"rendered":"<p>SUUNTO PM-5\/SPC OPTI CLINOMETER (Klinometrs) SS011099010<br \/> * Akrila kapsula<br \/> * Anod\u0113ts viglmetala korpuss<br \/> * Optisk\u0101 korekcija las\u012b&scaron;anai<br \/> * Palielin\u0101mais stikls<br \/> * D\u0101rgakme\u0146u gultnis<br \/> * Amortiz\u0101cijas &scaron;\u0137idrums<br \/> * Neilona somi\u0146a ar jostas cilpu<br \/> * Izm\u0113rs: 75x52x15 mm<br \/> * Svars: 110g<br \/> PM-5\/SPC: Scales: secant, 0 &plusmn; 150 %, conversion table: % &#8211; degrees<\/p>\n","protected":false},"excerpt":{"rendered":"<p>SUUNTO PM-5\/SPC OPTI CLINOMETER (Klinometrs) SS011099010 * Akrila kapsula * Anod\u0113ts viglmetala korpuss * Optisk\u0101 korekcija las\u012b&scaron;anai * Palielin\u0101mais stikls * D\u0101rgakme\u0146u gultnis * Amortiz\u0101cijas &scaron;\u0137idrums * Neilona somi\u0146a ar jostas cilpu * Izm\u0113rs: 75x52x15 mm * Svars: 110g PM-5\/SPC: Scales: secant, 0 &plusmn; 150 %, conversion table: % &#8211; degrees<\/p>\n","protected":false},"featured_media":71154,"template":"","meta":[],"product_brand":[905],"product_cat":[967],"product_tag":[],"class_list":{"0":"post-78951","1":"product","2":"type-product","3":"status-publish","4":"has-post-thumbnail","6":"product_brand-suunto","7":"product_cat-bez-kategorijas","9":"first","10":"instock","11":"shipping-taxable","12":"purchasable","13":"product-type-simple"},"_links":{"self":[{"href":"https:\/\/sezona.lv\/en\/wp-json\/wp\/v2\/product\/78951","targetHints":{"allow":["GET"]}}],"collection":[{"href":"https:\/\/sezona.lv\/en\/wp-json\/wp\/v2\/product"}],"about":[{"href":"https:\/\/sezona.lv\/en\/wp-json\/wp\/v2\/types\/product"}],"wp:featuredmedia":[{"embeddable":true,"href":"https:\/\/sezona.lv\/en\/wp-json\/wp\/v2\/media\/71154"}],"wp:attachment":[{"href":"https:\/\/sezona.lv\/en\/wp-json\/wp\/v2\/media?parent=78951"}],"wp:term":[{"taxonomy":"product_brand","embeddable":true,"href":"https:\/\/sezona.lv\/en\/wp-json\/wp\/v2\/product_brand?post=78951"},{"taxonomy":"product_cat","embeddable":true,"href":"https:\/\/sezona.lv\/en\/wp-json\/wp\/v2\/product_cat?post=78951"},{"taxonomy":"product_tag","embeddable":true,"href":"https:\/\/sezona.lv\/en\/wp-json\/wp\/v2\/product_tag?post=78951"}],"curies":[{"name":"wp","href":"https:\/\/api.w.org\/{rel}","templated":true}]}}