{"id":78952,"date":"2025-07-14T15:32:23","date_gmt":"2025-07-14T12:32:23","guid":{"rendered":"https:\/\/demo8.ecube.lv\/sezona.lv\/products\/suunto-pm-5-1520-opti-height-meter\/"},"modified":"2025-07-14T15:32:23","modified_gmt":"2025-07-14T12:32:23","slug":"suunto-pm-5-1520-opti-height-meter","status":"publish","type":"product","link":"https:\/\/sezona.lv\/en\/products\/suunto-pm-5-1520-opti-height-meter\/","title":{"rendered":"SUUNTO PM-5\/1520 OPTI HEIGHT METER"},"content":{"rendered":"<p>SUUNTO PM-5\/1520 OPTI HEIGHT METER (Augstuma m\u0113r\u012bt\u0101js) SS011100010<br \/> * Akrila kapsula<br \/> * Anod\u0113ts vieglmet\u0101la korpuss<br \/> * Optisk\u0101 korekcija las\u012b&scaron;anai<br \/> * Palielin\u0101mais stikls<br \/> * D\u0101rgakme\u0146u gultnis<br \/> * Amortiz\u0101cijas &scaron;\u0137idrums<br \/> * Neilona somi\u0146a ar jostas cilpu<br \/> * Izm\u0113rs: 75x52x15 mm<br \/> * Svars: 110g<br \/> PM-5\/1520: Scales: 1:20 (0 &plusmn; 50 m), 1:15 (0 &plusmn; 35 m), conversion table: height in meters (1:20) into degrees<\/p>\n","protected":false},"excerpt":{"rendered":"<p>SUUNTO PM-5\/1520 OPTI HEIGHT METER (Augstuma m\u0113r\u012bt\u0101js) SS011100010 * Akrila kapsula * Anod\u0113ts vieglmet\u0101la korpuss * Optisk\u0101 korekcija las\u012b&scaron;anai * Palielin\u0101mais stikls * D\u0101rgakme\u0146u gultnis * Amortiz\u0101cijas &scaron;\u0137idrums * Neilona somi\u0146a ar jostas cilpu * Izm\u0113rs: 75x52x15 mm * Svars: 110g PM-5\/1520: Scales: 1:20 (0 &plusmn; 50 m), 1:15 (0 &plusmn; 35 m), conversion table: [&hellip;]<\/p>\n","protected":false},"featured_media":0,"template":"","meta":[],"product_brand":[905],"product_cat":[4587],"product_tag":[],"class_list":{"0":"post-78952","1":"product","2":"type-product","3":"status-publish","5":"product_brand-suunto","6":"product_cat-sports","8":"first","9":"instock","10":"shipping-taxable","11":"purchasable","12":"product-type-simple"},"_links":{"self":[{"href":"https:\/\/sezona.lv\/en\/wp-json\/wp\/v2\/product\/78952","targetHints":{"allow":["GET"]}}],"collection":[{"href":"https:\/\/sezona.lv\/en\/wp-json\/wp\/v2\/product"}],"about":[{"href":"https:\/\/sezona.lv\/en\/wp-json\/wp\/v2\/types\/product"}],"wp:attachment":[{"href":"https:\/\/sezona.lv\/en\/wp-json\/wp\/v2\/media?parent=78952"}],"wp:term":[{"taxonomy":"product_brand","embeddable":true,"href":"https:\/\/sezona.lv\/en\/wp-json\/wp\/v2\/product_brand?post=78952"},{"taxonomy":"product_cat","embeddable":true,"href":"https:\/\/sezona.lv\/en\/wp-json\/wp\/v2\/product_cat?post=78952"},{"taxonomy":"product_tag","embeddable":true,"href":"https:\/\/sezona.lv\/en\/wp-json\/wp\/v2\/product_tag?post=78952"}],"curies":[{"name":"wp","href":"https:\/\/api.w.org\/{rel}","templated":true}]}}