{"id":78955,"date":"2025-07-14T15:32:26","date_gmt":"2025-07-14T12:32:26","guid":{"rendered":"https:\/\/demo8.ecube.lv\/sezona.lv\/products\/suunto-tandem-360pc-360r-g-clino-compass\/"},"modified":"2025-07-14T15:32:26","modified_gmt":"2025-07-14T12:32:26","slug":"suunto-tandem-360pc-360r-g-clino-compass","status":"publish","type":"product","link":"https:\/\/sezona.lv\/en\/products\/suunto-tandem-360pc-360r-g-clino-compass\/","title":{"rendered":"SUUNTO TANDEM\/360PC\/360R G CLINO\/COMPASS"},"content":{"rendered":"<p>SUUNTO TANDEM\/360PC\/360R G CLINO\/COMPASS (Klinometrs+Kompass) SS020420000<br \/> * augsta precizit\u0101te <br \/> * iztur\u012bgs alum\u012bnija korpuss &#8211; aizsarg\u0101 pret triecieniem, korozijas un \u016bdens<br \/> * individu\u0101li kalibr\u0113ts<br \/> * optisk\u0101 korekcija las\u012b&scaron;anai<br \/> * &scaron;trope<br \/> * neilona maisi\u0146&scaron; ar jostas cilpu<br \/> * izm\u0113ri 126 x 76 x 15 mm<br \/> * svars 177 g<\/p>\n","protected":false},"excerpt":{"rendered":"<p>SUUNTO TANDEM\/360PC\/360R G CLINO\/COMPASS (Klinometrs+Kompass) SS020420000 * augsta precizit\u0101te * iztur\u012bgs alum\u012bnija korpuss &#8211; aizsarg\u0101 pret triecieniem, korozijas un \u016bdens * individu\u0101li kalibr\u0113ts * optisk\u0101 korekcija las\u012b&scaron;anai * &scaron;trope * neilona maisi\u0146&scaron; ar jostas cilpu * izm\u0113ri 126 x 76 x 15 mm * svars 177 g<\/p>\n","protected":false},"featured_media":0,"template":"","meta":[],"product_brand":[905],"product_cat":[4587],"product_tag":[],"class_list":{"0":"post-78955","1":"product","2":"type-product","3":"status-publish","5":"product_brand-suunto","6":"product_cat-sports","8":"first","9":"instock","10":"shipping-taxable","11":"purchasable","12":"product-type-simple"},"_links":{"self":[{"href":"https:\/\/sezona.lv\/en\/wp-json\/wp\/v2\/product\/78955","targetHints":{"allow":["GET"]}}],"collection":[{"href":"https:\/\/sezona.lv\/en\/wp-json\/wp\/v2\/product"}],"about":[{"href":"https:\/\/sezona.lv\/en\/wp-json\/wp\/v2\/types\/product"}],"wp:attachment":[{"href":"https:\/\/sezona.lv\/en\/wp-json\/wp\/v2\/media?parent=78955"}],"wp:term":[{"taxonomy":"product_brand","embeddable":true,"href":"https:\/\/sezona.lv\/en\/wp-json\/wp\/v2\/product_brand?post=78955"},{"taxonomy":"product_cat","embeddable":true,"href":"https:\/\/sezona.lv\/en\/wp-json\/wp\/v2\/product_cat?post=78955"},{"taxonomy":"product_tag","embeddable":true,"href":"https:\/\/sezona.lv\/en\/wp-json\/wp\/v2\/product_tag?post=78955"}],"curies":[{"name":"wp","href":"https:\/\/api.w.org\/{rel}","templated":true}]}}