{"id":78956,"date":"2025-07-11T16:49:31","date_gmt":"2025-07-11T13:49:31","guid":{"rendered":"https:\/\/demo8.ecube.lv\/sezona.lv\/products\/suunto-tandem-360pc-360r-dg-clino-compass\/"},"modified":"2025-07-14T15:32:27","modified_gmt":"2025-07-14T12:32:27","slug":"suunto-tandem-360pc-360r-dg-clino-compass","status":"publish","type":"product","link":"https:\/\/sezona.lv\/en\/products\/suunto-tandem-360pc-360r-dg-clino-compass\/","title":{"rendered":"SUUNTO TANDEM\/360PC\/360R DG CLINO\/COMPASS"},"content":{"rendered":"<p>SUUNTO TANDEM\/360PC\/360R DG CLINO\/COMPASS (Klinometrs+Kompass) SS020421000<br \/> Klinometrs:<br \/> Precizit\u0101te 04\/01 &deg;<br \/> Izlaiduma interv\u0101ls 0,5 &deg;<br \/> M\u0113rogs: sl\u012bpums &plusmn; 90 &deg;, sl\u012bpums%<br \/> D\u0101rgakme\u0146u gultnis<br \/> Amortiz\u0101cijas &scaron;\u0137idrums<br \/> Kompass:<br \/> Precizit\u0101te 03\/01 &deg;<br \/> Izlaiduma interv\u0101ls 0,5 &deg;<br \/> M\u0113rogs: Azimuth 360 &deg;, Reversed 360 &deg;<br \/> D\u0101rgakme\u0146u gultnis<br \/> Amortiz\u0101cijas &scaron;\u0137idrums<br \/> Anod\u0113ta vieglmet\u0101la korpuss<br \/> Neilona maisi\u0146&scaron; ar jostas cilpu<\/p>\n<p> * izm\u0113ri 126 x 76 x 15 mm<br \/> * svars 177 g<\/p>\n","protected":false},"excerpt":{"rendered":"<p>SUUNTO TANDEM\/360PC\/360R DG CLINO\/COMPASS (Klinometrs+Kompass) SS020421000 Klinometrs: Precizit\u0101te 04\/01 &deg; Izlaiduma interv\u0101ls 0,5 &deg; M\u0113rogs: sl\u012bpums &plusmn; 90 &deg;, sl\u012bpums% D\u0101rgakme\u0146u gultnis Amortiz\u0101cijas &scaron;\u0137idrums Kompass: Precizit\u0101te 03\/01 &deg; Izlaiduma interv\u0101ls 0,5 &deg; M\u0113rogs: Azimuth 360 &deg;, Reversed 360 &deg; D\u0101rgakme\u0146u gultnis Amortiz\u0101cijas &scaron;\u0137idrums Anod\u0113ta vieglmet\u0101la korpuss Neilona maisi\u0146&scaron; ar jostas cilpu * izm\u0113ri 126 x [&hellip;]<\/p>\n","protected":false},"featured_media":71160,"template":"","meta":[],"product_brand":[905],"product_cat":[967],"product_tag":[],"class_list":{"0":"post-78956","1":"product","2":"type-product","3":"status-publish","4":"has-post-thumbnail","6":"product_brand-suunto","7":"product_cat-bez-kategorijas","9":"first","10":"instock","11":"shipping-taxable","12":"purchasable","13":"product-type-simple"},"_links":{"self":[{"href":"https:\/\/sezona.lv\/en\/wp-json\/wp\/v2\/product\/78956","targetHints":{"allow":["GET"]}}],"collection":[{"href":"https:\/\/sezona.lv\/en\/wp-json\/wp\/v2\/product"}],"about":[{"href":"https:\/\/sezona.lv\/en\/wp-json\/wp\/v2\/types\/product"}],"wp:featuredmedia":[{"embeddable":true,"href":"https:\/\/sezona.lv\/en\/wp-json\/wp\/v2\/media\/71160"}],"wp:attachment":[{"href":"https:\/\/sezona.lv\/en\/wp-json\/wp\/v2\/media?parent=78956"}],"wp:term":[{"taxonomy":"product_brand","embeddable":true,"href":"https:\/\/sezona.lv\/en\/wp-json\/wp\/v2\/product_brand?post=78956"},{"taxonomy":"product_cat","embeddable":true,"href":"https:\/\/sezona.lv\/en\/wp-json\/wp\/v2\/product_cat?post=78956"},{"taxonomy":"product_tag","embeddable":true,"href":"https:\/\/sezona.lv\/en\/wp-json\/wp\/v2\/product_tag?post=78956"}],"curies":[{"name":"wp","href":"https:\/\/api.w.org\/{rel}","templated":true}]}}