{"id":78960,"date":"2025-07-11T16:49:39","date_gmt":"2025-07-11T13:49:39","guid":{"rendered":"https:\/\/demo8.ecube.lv\/sezona.lv\/products\/suunto-kb-14-360q-dg-compass\/"},"modified":"2025-07-14T15:32:31","modified_gmt":"2025-07-14T12:32:31","slug":"suunto-kb-14-360q-dg-compass","status":"publish","type":"product","link":"https:\/\/sezona.lv\/en\/products\/suunto-kb-14-360q-dg-compass\/","title":{"rendered":"SUUNTO KB-14\/360Q DG COMPASS"},"content":{"rendered":"<p>Kompass SUUNTO KB-14\/360Q DG (SS020888000)<br \/> Suunto KB-14 &#8211; prec\u012bzs rokas instruments, kas tiek izmantots vis\u0101 pasaul\u0113.<\/p>\n<p> Prec\u012bza virziena noteik&scaron;ana<br \/> Precizit\u0101te: 1\/3 &deg;<br \/> Anod\u0113ta vieglmet\u0101la korpuss<br \/> Fokusa piel\u0101go&scaron;ana<br \/> D\u0101rgakme\u0146u gultnis<br \/> Novirzes korekcijas (s\u0113rija D)<br \/> Neilona maisi\u0146&scaron; ar cilpu piestiprin\u0101&scaron;anai pie jostas<br \/> Izm\u0113ri 77 x 52 x 15 mm<br \/> Svars 93 g<\/p>\n","protected":false},"excerpt":{"rendered":"<p>Kompass SUUNTO KB-14\/360Q DG (SS020888000) Suunto KB-14 &#8211; prec\u012bzs rokas instruments, kas tiek izmantots vis\u0101 pasaul\u0113. Prec\u012bza virziena noteik&scaron;ana Precizit\u0101te: 1\/3 &deg; Anod\u0113ta vieglmet\u0101la korpuss Fokusa piel\u0101go&scaron;ana D\u0101rgakme\u0146u gultnis Novirzes korekcijas (s\u0113rija D) Neilona maisi\u0146&scaron; ar cilpu piestiprin\u0101&scaron;anai pie jostas Izm\u0113ri 77 x 52 x 15 mm Svars 93 g<\/p>\n","protected":false},"featured_media":71163,"template":"","meta":[],"product_brand":[905],"product_cat":[967],"product_tag":[],"class_list":{"0":"post-78960","1":"product","2":"type-product","3":"status-publish","4":"has-post-thumbnail","6":"product_brand-suunto","7":"product_cat-bez-kategorijas","9":"first","10":"instock","11":"shipping-taxable","12":"purchasable","13":"product-type-simple"},"_links":{"self":[{"href":"https:\/\/sezona.lv\/en\/wp-json\/wp\/v2\/product\/78960","targetHints":{"allow":["GET"]}}],"collection":[{"href":"https:\/\/sezona.lv\/en\/wp-json\/wp\/v2\/product"}],"about":[{"href":"https:\/\/sezona.lv\/en\/wp-json\/wp\/v2\/types\/product"}],"wp:featuredmedia":[{"embeddable":true,"href":"https:\/\/sezona.lv\/en\/wp-json\/wp\/v2\/media\/71163"}],"wp:attachment":[{"href":"https:\/\/sezona.lv\/en\/wp-json\/wp\/v2\/media?parent=78960"}],"wp:term":[{"taxonomy":"product_brand","embeddable":true,"href":"https:\/\/sezona.lv\/en\/wp-json\/wp\/v2\/product_brand?post=78960"},{"taxonomy":"product_cat","embeddable":true,"href":"https:\/\/sezona.lv\/en\/wp-json\/wp\/v2\/product_cat?post=78960"},{"taxonomy":"product_tag","embeddable":true,"href":"https:\/\/sezona.lv\/en\/wp-json\/wp\/v2\/product_tag?post=78960"}],"curies":[{"name":"wp","href":"https:\/\/api.w.org\/{rel}","templated":true}]}}