{"id":78961,"date":"2025-07-14T15:32:32","date_gmt":"2025-07-14T12:32:32","guid":{"rendered":"https:\/\/demo8.ecube.lv\/sezona.lv\/products\/suunto-kb-14-400-g\/"},"modified":"2025-07-14T15:32:32","modified_gmt":"2025-07-14T12:32:32","slug":"suunto-kb-14-400-g","status":"publish","type":"product","link":"https:\/\/sezona.lv\/en\/products\/suunto-kb-14-400-g\/","title":{"rendered":"SUUNTO KB-14\/400 G"},"content":{"rendered":"<p>Kompass SUUNTO KB-14\/400 G (SS023255000)<br \/> Suunto KB-14 &#8211; prec\u012bzs rokas instruments, kas tiek izmantots vis\u0101 pasaul\u0113.<\/p>\n<p> Prec\u012bza virziena noteik&scaron;ana<br \/> Precizit\u0101te: 03\/01 &deg;<br \/> Anod\u0113ta vieglmet\u0101la korpuss<br \/> Fokusa piel\u0101go&scaron;ana<br \/> D\u0101rgakme\u0146u gultnis<br \/> Novirzes korekcijas (s\u0113rija D)<br \/> Neilona maisi\u0146&scaron; ar cilpu piestiprin\u0101&scaron;anai pie jostas<br \/> Izm\u0113ri 77 x 52 x 15 mm<br \/> Svars 115g<\/p>\n","protected":false},"excerpt":{"rendered":"<p>Kompass SUUNTO KB-14\/400 G (SS023255000) Suunto KB-14 &#8211; prec\u012bzs rokas instruments, kas tiek izmantots vis\u0101 pasaul\u0113. Prec\u012bza virziena noteik&scaron;ana Precizit\u0101te: 03\/01 &deg; Anod\u0113ta vieglmet\u0101la korpuss Fokusa piel\u0101go&scaron;ana D\u0101rgakme\u0146u gultnis Novirzes korekcijas (s\u0113rija D) Neilona maisi\u0146&scaron; ar cilpu piestiprin\u0101&scaron;anai pie jostas Izm\u0113ri 77 x 52 x 15 mm Svars 115g<\/p>\n","protected":false},"featured_media":0,"template":"","meta":[],"product_brand":[905],"product_cat":[4587],"product_tag":[],"class_list":{"0":"post-78961","1":"product","2":"type-product","3":"status-publish","5":"product_brand-suunto","6":"product_cat-sports","8":"first","9":"instock","10":"shipping-taxable","11":"purchasable","12":"product-type-simple"},"_links":{"self":[{"href":"https:\/\/sezona.lv\/en\/wp-json\/wp\/v2\/product\/78961","targetHints":{"allow":["GET"]}}],"collection":[{"href":"https:\/\/sezona.lv\/en\/wp-json\/wp\/v2\/product"}],"about":[{"href":"https:\/\/sezona.lv\/en\/wp-json\/wp\/v2\/types\/product"}],"wp:attachment":[{"href":"https:\/\/sezona.lv\/en\/wp-json\/wp\/v2\/media?parent=78961"}],"wp:term":[{"taxonomy":"product_brand","embeddable":true,"href":"https:\/\/sezona.lv\/en\/wp-json\/wp\/v2\/product_brand?post=78961"},{"taxonomy":"product_cat","embeddable":true,"href":"https:\/\/sezona.lv\/en\/wp-json\/wp\/v2\/product_cat?post=78961"},{"taxonomy":"product_tag","embeddable":true,"href":"https:\/\/sezona.lv\/en\/wp-json\/wp\/v2\/product_tag?post=78961"}],"curies":[{"name":"wp","href":"https:\/\/api.w.org\/{rel}","templated":true}]}}