{"id":78962,"date":"2025-07-14T15:32:32","date_gmt":"2025-07-14T12:32:32","guid":{"rendered":"https:\/\/demo8.ecube.lv\/sezona.lv\/products\/suunto-kb-14-6400-g\/"},"modified":"2025-07-14T15:32:32","modified_gmt":"2025-07-14T12:32:32","slug":"suunto-kb-14-6400-g","status":"publish","type":"product","link":"https:\/\/sezona.lv\/en\/products\/suunto-kb-14-6400-g\/","title":{"rendered":"SUUNTO KB-14\/6400 G"},"content":{"rendered":"<p>Kompass SUUNTO KB-14\/6400 G (SS023256000)<br \/> Suunto KB-14 &#8211; prec\u012bzs rokas instruments, kas tiek izmantots vis\u0101 pasaul\u0113.<\/p>\n","protected":false},"excerpt":{"rendered":"<p>Kompass SUUNTO KB-14\/6400 G (SS023256000) Suunto KB-14 &#8211; prec\u012bzs rokas instruments, kas tiek izmantots vis\u0101 pasaul\u0113.<\/p>\n","protected":false},"featured_media":0,"template":"","meta":[],"product_brand":[905],"product_cat":[4587],"product_tag":[],"class_list":{"0":"post-78962","1":"product","2":"type-product","3":"status-publish","5":"product_brand-suunto","6":"product_cat-sports","8":"first","9":"instock","10":"shipping-taxable","11":"purchasable","12":"product-type-simple"},"_links":{"self":[{"href":"https:\/\/sezona.lv\/en\/wp-json\/wp\/v2\/product\/78962","targetHints":{"allow":["GET"]}}],"collection":[{"href":"https:\/\/sezona.lv\/en\/wp-json\/wp\/v2\/product"}],"about":[{"href":"https:\/\/sezona.lv\/en\/wp-json\/wp\/v2\/types\/product"}],"wp:attachment":[{"href":"https:\/\/sezona.lv\/en\/wp-json\/wp\/v2\/media?parent=78962"}],"wp:term":[{"taxonomy":"product_brand","embeddable":true,"href":"https:\/\/sezona.lv\/en\/wp-json\/wp\/v2\/product_brand?post=78962"},{"taxonomy":"product_cat","embeddable":true,"href":"https:\/\/sezona.lv\/en\/wp-json\/wp\/v2\/product_cat?post=78962"},{"taxonomy":"product_tag","embeddable":true,"href":"https:\/\/sezona.lv\/en\/wp-json\/wp\/v2\/product_tag?post=78962"}],"curies":[{"name":"wp","href":"https:\/\/api.w.org\/{rel}","templated":true}]}}