{"id":78963,"date":"2025-07-14T15:32:33","date_gmt":"2025-07-14T12:32:33","guid":{"rendered":"https:\/\/demo8.ecube.lv\/sezona.lv\/products\/suunto-kb-20-360r-g-yellow-compass\/"},"modified":"2025-07-14T15:32:33","modified_gmt":"2025-07-14T12:32:33","slug":"suunto-kb-20-360r-g-yellow-compass","status":"publish","type":"product","link":"https:\/\/sezona.lv\/en\/products\/suunto-kb-20-360r-g-yellow-compass\/","title":{"rendered":"SUUNTO KB-20\/360R G YELLOW COMPASS"},"content":{"rendered":"<p>Kompass SUUNTO KB-20\/360R G YELLOW (SS020419000)<br \/> Tas ir viegls negrimsto&scaron;s rokas kompass. Ide\u0101li piem\u0113rots izmanto&scaron;anai  j\u016br\u0101, atp\u016btai dab\u0101 k\u0101 ar\u012b priek&scaron; profesion\u0101l\u0101m vajadz\u012bb\u0101m.<\/p>\n<p> *Precizit\u0101te: 0,5 &deg;<br \/> *Skala: 0-360 &deg;<br \/> *Plastmasas korpuss<br \/> *D\u0101rgakme\u0146u gultni<br \/> *Optiska korekcija<br \/> *Aukla<br \/> *Negrimsto&scaron;s<\/p>\n","protected":false},"excerpt":{"rendered":"<p>Kompass SUUNTO KB-20\/360R G YELLOW (SS020419000) Tas ir viegls negrimsto&scaron;s rokas kompass. Ide\u0101li piem\u0113rots izmanto&scaron;anai j\u016br\u0101, atp\u016btai dab\u0101 k\u0101 ar\u012b priek&scaron; profesion\u0101l\u0101m vajadz\u012bb\u0101m. *Precizit\u0101te: 0,5 &deg; *Skala: 0-360 &deg; *Plastmasas korpuss *D\u0101rgakme\u0146u gultni *Optiska korekcija *Aukla *Negrimsto&scaron;s<\/p>\n","protected":false},"featured_media":0,"template":"","meta":[],"product_brand":[905],"product_cat":[4587],"product_tag":[],"class_list":{"0":"post-78963","1":"product","2":"type-product","3":"status-publish","5":"product_brand-suunto","6":"product_cat-sports","8":"first","9":"instock","10":"shipping-taxable","11":"purchasable","12":"product-type-simple"},"_links":{"self":[{"href":"https:\/\/sezona.lv\/en\/wp-json\/wp\/v2\/product\/78963","targetHints":{"allow":["GET"]}}],"collection":[{"href":"https:\/\/sezona.lv\/en\/wp-json\/wp\/v2\/product"}],"about":[{"href":"https:\/\/sezona.lv\/en\/wp-json\/wp\/v2\/types\/product"}],"wp:attachment":[{"href":"https:\/\/sezona.lv\/en\/wp-json\/wp\/v2\/media?parent=78963"}],"wp:term":[{"taxonomy":"product_brand","embeddable":true,"href":"https:\/\/sezona.lv\/en\/wp-json\/wp\/v2\/product_brand?post=78963"},{"taxonomy":"product_cat","embeddable":true,"href":"https:\/\/sezona.lv\/en\/wp-json\/wp\/v2\/product_cat?post=78963"},{"taxonomy":"product_tag","embeddable":true,"href":"https:\/\/sezona.lv\/en\/wp-json\/wp\/v2\/product_tag?post=78963"}],"curies":[{"name":"wp","href":"https:\/\/api.w.org\/{rel}","templated":true}]}}