{"id":78964,"date":"2025-07-14T15:32:34","date_gmt":"2025-07-14T12:32:34","guid":{"rendered":"https:\/\/demo8.ecube.lv\/sezona.lv\/products\/suunto-instrument-body-cover-yellow-drwg-no\/"},"modified":"2025-07-14T15:32:34","modified_gmt":"2025-07-14T12:32:34","slug":"suunto-instrument-body-cover-yellow-drwg-no","status":"publish","type":"product","link":"https:\/\/sezona.lv\/en\/products\/suunto-instrument-body-cover-yellow-drwg-no\/","title":{"rendered":"SUUNTO INSTRUMENT BODY COVER, YELLOW, DRWG NO"},"content":{"rendered":"<p>Gumijas apvalks SUUNTO instrumentiem, dzeltens (SS018266000) <br \/> Paredz\u0113ts Suunto KB-14 un PM-5 mode\u013ciem. Dzelten\u0101 kr\u0101sa padara apvalku viegl\u0101k paman\u0101m\u0101ku.<\/p>\n","protected":false},"excerpt":{"rendered":"<p>Gumijas apvalks SUUNTO instrumentiem, dzeltens (SS018266000) Paredz\u0113ts Suunto KB-14 un PM-5 mode\u013ciem. Dzelten\u0101 kr\u0101sa padara apvalku viegl\u0101k paman\u0101m\u0101ku.<\/p>\n","protected":false},"featured_media":0,"template":"","meta":[],"product_brand":[905],"product_cat":[4587],"product_tag":[],"class_list":{"0":"post-78964","1":"product","2":"type-product","3":"status-publish","5":"product_brand-suunto","6":"product_cat-sports","8":"first","9":"instock","10":"shipping-taxable","11":"purchasable","12":"product-type-simple"},"_links":{"self":[{"href":"https:\/\/sezona.lv\/en\/wp-json\/wp\/v2\/product\/78964","targetHints":{"allow":["GET"]}}],"collection":[{"href":"https:\/\/sezona.lv\/en\/wp-json\/wp\/v2\/product"}],"about":[{"href":"https:\/\/sezona.lv\/en\/wp-json\/wp\/v2\/types\/product"}],"wp:attachment":[{"href":"https:\/\/sezona.lv\/en\/wp-json\/wp\/v2\/media?parent=78964"}],"wp:term":[{"taxonomy":"product_brand","embeddable":true,"href":"https:\/\/sezona.lv\/en\/wp-json\/wp\/v2\/product_brand?post=78964"},{"taxonomy":"product_cat","embeddable":true,"href":"https:\/\/sezona.lv\/en\/wp-json\/wp\/v2\/product_cat?post=78964"},{"taxonomy":"product_tag","embeddable":true,"href":"https:\/\/sezona.lv\/en\/wp-json\/wp\/v2\/product_tag?post=78964"}],"curies":[{"name":"wp","href":"https:\/\/api.w.org\/{rel}","templated":true}]}}