{"id":78965,"date":"2025-07-14T15:32:35","date_gmt":"2025-07-14T12:32:35","guid":{"rendered":"https:\/\/demo8.ecube.lv\/sezona.lv\/products\/suunto-nylon-pouch\/"},"modified":"2025-07-14T15:32:35","modified_gmt":"2025-07-14T12:32:35","slug":"suunto-nylon-pouch","status":"publish","type":"product","link":"https:\/\/sezona.lv\/en\/products\/suunto-nylon-pouch\/","title":{"rendered":"SUUNTO NYLON POUCH"},"content":{"rendered":"<p>SUUNTO neilona somi\u0146a  (SS018267000) <br \/> Piem\u0113rota mode\u013ciem Suunto KB, PM, Tandem un MC-2<\/p>\n","protected":false},"excerpt":{"rendered":"<p>SUUNTO neilona somi\u0146a (SS018267000) Piem\u0113rota mode\u013ciem Suunto KB, PM, Tandem un MC-2<\/p>\n","protected":false},"featured_media":0,"template":"","meta":[],"product_brand":[905],"product_cat":[4587],"product_tag":[],"class_list":{"0":"post-78965","1":"product","2":"type-product","3":"status-publish","5":"product_brand-suunto","6":"product_cat-sports","8":"first","9":"instock","10":"shipping-taxable","11":"purchasable","12":"product-type-simple"},"_links":{"self":[{"href":"https:\/\/sezona.lv\/en\/wp-json\/wp\/v2\/product\/78965","targetHints":{"allow":["GET"]}}],"collection":[{"href":"https:\/\/sezona.lv\/en\/wp-json\/wp\/v2\/product"}],"about":[{"href":"https:\/\/sezona.lv\/en\/wp-json\/wp\/v2\/types\/product"}],"wp:attachment":[{"href":"https:\/\/sezona.lv\/en\/wp-json\/wp\/v2\/media?parent=78965"}],"wp:term":[{"taxonomy":"product_brand","embeddable":true,"href":"https:\/\/sezona.lv\/en\/wp-json\/wp\/v2\/product_brand?post=78965"},{"taxonomy":"product_cat","embeddable":true,"href":"https:\/\/sezona.lv\/en\/wp-json\/wp\/v2\/product_cat?post=78965"},{"taxonomy":"product_tag","embeddable":true,"href":"https:\/\/sezona.lv\/en\/wp-json\/wp\/v2\/product_tag?post=78965"}],"curies":[{"name":"wp","href":"https:\/\/api.w.org\/{rel}","templated":true}]}}