{"id":78966,"date":"2025-07-11T16:49:45","date_gmt":"2025-07-11T13:49:45","guid":{"rendered":"https:\/\/demo8.ecube.lv\/sezona.lv\/products\/suunto-a-10-nh-compass\/"},"modified":"2025-07-14T15:32:35","modified_gmt":"2025-07-14T12:32:35","slug":"suunto-a-10-nh-compass","status":"publish","type":"product","link":"https:\/\/sezona.lv\/en\/products\/suunto-a-10-nh-compass\/","title":{"rendered":"SUUNTO A-10 NH COMPASS"},"content":{"rendered":"<p>Kompass SUUNTO A-10 NH (SS021237000)<\/p>\n<p> Skalu m\u0113rvien\u012bba \tCentimetri<br \/> Klinometrs \tN\u0113<br \/> Line\u0101ls \tJ\u0101<br \/> Lupa \tN\u0113<br \/> Izm\u0113ri    56 x 10 x 104 mm<br \/> Svars \t30 g<br \/> \u012apa&scaron;as atz\u012bmes \tBulti\u0146a no augstas kvalit\u0101tes t\u0113rauda ar d\u0101rglietu gultni<br \/> Optimiz\u0113ts zieme\u013cu puslodei<\/p>\n","protected":false},"excerpt":{"rendered":"<p>Kompass SUUNTO A-10 NH (SS021237000) Skalu m\u0113rvien\u012bba Centimetri Klinometrs N\u0113 Line\u0101ls J\u0101 Lupa N\u0113 Izm\u0113ri 56 x 10 x 104 mm Svars 30 g \u012apa&scaron;as atz\u012bmes Bulti\u0146a no augstas kvalit\u0101tes t\u0113rauda ar d\u0101rglietu gultni Optimiz\u0113ts zieme\u013cu puslodei<\/p>\n","protected":false},"featured_media":71166,"template":"","meta":[],"product_brand":[905],"product_cat":[967],"product_tag":[],"class_list":{"0":"post-78966","1":"product","2":"type-product","3":"status-publish","4":"has-post-thumbnail","6":"product_brand-suunto","7":"product_cat-bez-kategorijas","9":"first","10":"instock","11":"shipping-taxable","12":"purchasable","13":"product-type-simple"},"_links":{"self":[{"href":"https:\/\/sezona.lv\/en\/wp-json\/wp\/v2\/product\/78966","targetHints":{"allow":["GET"]}}],"collection":[{"href":"https:\/\/sezona.lv\/en\/wp-json\/wp\/v2\/product"}],"about":[{"href":"https:\/\/sezona.lv\/en\/wp-json\/wp\/v2\/types\/product"}],"wp:featuredmedia":[{"embeddable":true,"href":"https:\/\/sezona.lv\/en\/wp-json\/wp\/v2\/media\/71166"}],"wp:attachment":[{"href":"https:\/\/sezona.lv\/en\/wp-json\/wp\/v2\/media?parent=78966"}],"wp:term":[{"taxonomy":"product_brand","embeddable":true,"href":"https:\/\/sezona.lv\/en\/wp-json\/wp\/v2\/product_brand?post=78966"},{"taxonomy":"product_cat","embeddable":true,"href":"https:\/\/sezona.lv\/en\/wp-json\/wp\/v2\/product_cat?post=78966"},{"taxonomy":"product_tag","embeddable":true,"href":"https:\/\/sezona.lv\/en\/wp-json\/wp\/v2\/product_tag?post=78966"}],"curies":[{"name":"wp","href":"https:\/\/api.w.org\/{rel}","templated":true}]}}