{"id":78967,"date":"2025-07-11T16:49:46","date_gmt":"2025-07-11T13:49:46","guid":{"rendered":"https:\/\/demo8.ecube.lv\/sezona.lv\/products\/suunto-m-3-nh-compass\/"},"modified":"2025-07-14T15:32:36","modified_gmt":"2025-07-14T12:32:36","slug":"suunto-m-3-nh-compass","status":"publish","type":"product","link":"https:\/\/sezona.lv\/en\/products\/suunto-m-3-nh-compass\/","title":{"rendered":"SUUNTO M-3 NH COMPASS"},"content":{"rendered":"<p>Kompass SUUNTO M-3NH (SS021369000)<br \/> Kompass piedz\u012bvojuma mekl\u0113t\u0101jiem. Uzticams kompass &#8211; b\u016btisks instruments navig\u0101cijai un izdz\u012bvo&scaron;anai ekstrem\u0101los apst\u0101k\u013cos.<\/p>\n<p> Balans\u0113ts zieme\u013cu puslodei<br \/> Robots sl\u012bpais ri\u0146\u0137is<br \/> Regul\u0113jama novirzes nov\u0113r&scaron;anas skala<br \/> D\u0101rgakmens gultnis<br \/> Nesl\u012bdo&scaron;a b\u0101ze ar noapa\u013cotiem st\u016briem<br \/> Viegla izmanto&scaron;ana kop\u0101 ar karti<br \/> Sp\u012bd\u012bgi mar\u0137\u0113jumi \u013cauj kompasu viegl\u0101k izmantot tums\u0101<br \/> Mar\u0137\u0113&scaron;anas caurumi<br \/> M\u0113rvien\u012bba: centimetri<br \/> Palielin\u0101mais stikls<br \/> Izm\u0113rs: 61 x 120 x 14 mm<br \/> Svars: 46 gi<\/p>\n","protected":false},"excerpt":{"rendered":"<p>Kompass SUUNTO M-3NH (SS021369000) Kompass piedz\u012bvojuma mekl\u0113t\u0101jiem. Uzticams kompass &#8211; b\u016btisks instruments navig\u0101cijai un izdz\u012bvo&scaron;anai ekstrem\u0101los apst\u0101k\u013cos. Balans\u0113ts zieme\u013cu puslodei Robots sl\u012bpais ri\u0146\u0137is Regul\u0113jama novirzes nov\u0113r&scaron;anas skala D\u0101rgakmens gultnis Nesl\u012bdo&scaron;a b\u0101ze ar noapa\u013cotiem st\u016briem Viegla izmanto&scaron;ana kop\u0101 ar karti Sp\u012bd\u012bgi mar\u0137\u0113jumi \u013cauj kompasu viegl\u0101k izmantot tums\u0101 Mar\u0137\u0113&scaron;anas caurumi M\u0113rvien\u012bba: centimetri Palielin\u0101mais stikls Izm\u0113rs: 61 x [&hellip;]<\/p>\n","protected":false},"featured_media":71169,"template":"","meta":[],"product_brand":[905],"product_cat":[967],"product_tag":[],"class_list":{"0":"post-78967","1":"product","2":"type-product","3":"status-publish","4":"has-post-thumbnail","6":"product_brand-suunto","7":"product_cat-bez-kategorijas","9":"first","10":"instock","11":"shipping-taxable","12":"purchasable","13":"product-type-simple"},"_links":{"self":[{"href":"https:\/\/sezona.lv\/en\/wp-json\/wp\/v2\/product\/78967","targetHints":{"allow":["GET"]}}],"collection":[{"href":"https:\/\/sezona.lv\/en\/wp-json\/wp\/v2\/product"}],"about":[{"href":"https:\/\/sezona.lv\/en\/wp-json\/wp\/v2\/types\/product"}],"wp:featuredmedia":[{"embeddable":true,"href":"https:\/\/sezona.lv\/en\/wp-json\/wp\/v2\/media\/71169"}],"wp:attachment":[{"href":"https:\/\/sezona.lv\/en\/wp-json\/wp\/v2\/media?parent=78967"}],"wp:term":[{"taxonomy":"product_brand","embeddable":true,"href":"https:\/\/sezona.lv\/en\/wp-json\/wp\/v2\/product_brand?post=78967"},{"taxonomy":"product_cat","embeddable":true,"href":"https:\/\/sezona.lv\/en\/wp-json\/wp\/v2\/product_cat?post=78967"},{"taxonomy":"product_tag","embeddable":true,"href":"https:\/\/sezona.lv\/en\/wp-json\/wp\/v2\/product_tag?post=78967"}],"curies":[{"name":"wp","href":"https:\/\/api.w.org\/{rel}","templated":true}]}}