{"id":78968,"date":"2025-07-11T16:49:47","date_gmt":"2025-07-11T13:49:47","guid":{"rendered":"https:\/\/demo8.ecube.lv\/sezona.lv\/products\/suunto-m-3-g-compass\/"},"modified":"2025-07-14T15:32:37","modified_gmt":"2025-07-14T12:32:37","slug":"suunto-m-3-g-compass","status":"publish","type":"product","link":"https:\/\/sezona.lv\/en\/products\/suunto-m-3-g-compass\/","title":{"rendered":"SUUNTO M-3 G COMPASS"},"content":{"rendered":"<p>Kompass SUUNTO M-3G (SS021370000)<br \/> Piedz\u012bvojumu mekl\u0113t\u0101ja kompass! Plan&scaron;etes tipa, ar m\u0113rskal\u0101m metriskaj\u0101  un imperi\u0101laj\u0101 sistem\u0101, papildin\u0101ts ar lupu. Kompass ir nokalibr\u0113ts  glob\u0101lajai lieto&scaron;anai. Adatai izmatots sint\u0113tisk\u0101 saf\u012bra\/rub\u012bna gultnis,  k\u0101 ar\u012b kompas\u0101 ir flurisc\u0113jo&scaron;as iestr\u0101des, t\u0101d\u0101 veid\u0101 nodro&scaron;inot \u0101tru,  prec\u012bzu un viegli uztveramu kompasa darb\u012bbu. <\/p>\n<p> Glob\u0101li balans\u0113ts<br \/> Robots sl\u012bpais ri\u0146\u0137is<br \/> Regul\u0113jama novirzes nov\u0113r&scaron;anas skala<br \/> D\u0101rgakmens gultnis<br \/> Nesl\u012bdo&scaron;a b\u0101ze ar noapa\u013cotiem st\u016briem<br \/> Viegla izmanto&scaron;ana kop\u0101 ar karti<br \/> Sp\u012bd\u012bgi mar\u0137\u0113jumi \u013cauj kompasu viegl\u0101k izmantot tums\u0101<br \/> Mar\u0137\u0113&scaron;anas caurumi<br \/> M\u0113rvien\u012bba: centimetri<br \/> Palielin\u0101mais stikls<br \/> Izm\u0113rs: 120  x  61  x  14  mm <br \/> Svars: 48 g<\/p>\n","protected":false},"excerpt":{"rendered":"<p>Kompass SUUNTO M-3G (SS021370000) Piedz\u012bvojumu mekl\u0113t\u0101ja kompass! Plan&scaron;etes tipa, ar m\u0113rskal\u0101m metriskaj\u0101 un imperi\u0101laj\u0101 sistem\u0101, papildin\u0101ts ar lupu. Kompass ir nokalibr\u0113ts glob\u0101lajai lieto&scaron;anai. Adatai izmatots sint\u0113tisk\u0101 saf\u012bra\/rub\u012bna gultnis, k\u0101 ar\u012b kompas\u0101 ir flurisc\u0113jo&scaron;as iestr\u0101des, t\u0101d\u0101 veid\u0101 nodro&scaron;inot \u0101tru, prec\u012bzu un viegli uztveramu kompasa darb\u012bbu. Glob\u0101li balans\u0113ts Robots sl\u012bpais ri\u0146\u0137is Regul\u0113jama novirzes nov\u0113r&scaron;anas skala D\u0101rgakmens gultnis [&hellip;]<\/p>\n","protected":false},"featured_media":71172,"template":"","meta":[],"product_brand":[905],"product_cat":[967],"product_tag":[],"class_list":{"0":"post-78968","1":"product","2":"type-product","3":"status-publish","4":"has-post-thumbnail","6":"product_brand-suunto","7":"product_cat-bez-kategorijas","9":"first","10":"instock","11":"shipping-taxable","12":"purchasable","13":"product-type-simple"},"_links":{"self":[{"href":"https:\/\/sezona.lv\/en\/wp-json\/wp\/v2\/product\/78968","targetHints":{"allow":["GET"]}}],"collection":[{"href":"https:\/\/sezona.lv\/en\/wp-json\/wp\/v2\/product"}],"about":[{"href":"https:\/\/sezona.lv\/en\/wp-json\/wp\/v2\/types\/product"}],"wp:featuredmedia":[{"embeddable":true,"href":"https:\/\/sezona.lv\/en\/wp-json\/wp\/v2\/media\/71172"}],"wp:attachment":[{"href":"https:\/\/sezona.lv\/en\/wp-json\/wp\/v2\/media?parent=78968"}],"wp:term":[{"taxonomy":"product_brand","embeddable":true,"href":"https:\/\/sezona.lv\/en\/wp-json\/wp\/v2\/product_brand?post=78968"},{"taxonomy":"product_cat","embeddable":true,"href":"https:\/\/sezona.lv\/en\/wp-json\/wp\/v2\/product_cat?post=78968"},{"taxonomy":"product_tag","embeddable":true,"href":"https:\/\/sezona.lv\/en\/wp-json\/wp\/v2\/product_tag?post=78968"}],"curies":[{"name":"wp","href":"https:\/\/api.w.org\/{rel}","templated":true}]}}