{"id":78969,"date":"2025-07-14T15:32:38","date_gmt":"2025-07-14T12:32:38","guid":{"rendered":"https:\/\/demo8.ecube.lv\/sezona.lv\/products\/suunto-kompass-aim-6\/"},"modified":"2025-07-14T15:32:38","modified_gmt":"2025-07-14T12:32:38","slug":"suunto-kompass-aim-6","status":"publish","type":"product","link":"https:\/\/sezona.lv\/en\/products\/suunto-kompass-aim-6\/","title":{"rendered":"SUUNTO KOMPASS AIM-6"},"content":{"rendered":"<p>Kompass SUUNTO AIM-6 (SS022860000)<br \/> Augst\u0101k\u0101s klases kompass, kas velkams uz \u012bk&scaron;\u0137a. Ar &scaron;o kompasu var \u013coti  \u0101tri un \u0113rti las\u012bt karti. Jaun\u0101, \u012bpa&scaron;i stabil\u0101 un \u0101tr\u0101 Suunto AIM  kompasu bulti\u0146a padara tos daudz \u0113rt\u0101k lietojamus skrie&scaron;anas laik\u0101, k\u0101  ar\u012b nodro&scaron;ina \u012bs\u0101ku gaid\u012b&scaron;anas laiku, pace\u013cot kompasu no kartes.  Vienk\u0101r&scaron;otais dizains netrauc\u0113 las\u012bt karti, ta\u010du atbalsta da\u017e\u0101das  azimuta \u0146em&scaron;anas tehnikas, radot univers\u0101lu un kvalitat\u012bvu instrumentu,  ko izmantot orient\u0113&scaron;an\u0101s sacens\u012bb\u0101s.<\/p>\n<p> Velkams uz \u012bk&scaron;\u0137a<br \/> Balans\u0113ts zieme\u013cu puslodei<br \/> Stabila adata<br \/> Pamata pl\u0101tne ar palielin\u0101mo stiklu<br \/> Izm\u0113rs: 80  x  70  x  11  mm <br \/> Svars: 27 g<\/p>\n","protected":false},"excerpt":{"rendered":"<p>Kompass SUUNTO AIM-6 (SS022860000) Augst\u0101k\u0101s klases kompass, kas velkams uz \u012bk&scaron;\u0137a. Ar &scaron;o kompasu var \u013coti \u0101tri un \u0113rti las\u012bt karti. Jaun\u0101, \u012bpa&scaron;i stabil\u0101 un \u0101tr\u0101 Suunto AIM kompasu bulti\u0146a padara tos daudz \u0113rt\u0101k lietojamus skrie&scaron;anas laik\u0101, k\u0101 ar\u012b nodro&scaron;ina \u012bs\u0101ku gaid\u012b&scaron;anas laiku, pace\u013cot kompasu no kartes. Vienk\u0101r&scaron;otais dizains netrauc\u0113 las\u012bt karti, ta\u010du atbalsta da\u017e\u0101das [&hellip;]<\/p>\n","protected":false},"featured_media":0,"template":"","meta":[],"product_brand":[905],"product_cat":[4587],"product_tag":[],"class_list":{"0":"post-78969","1":"product","2":"type-product","3":"status-publish","5":"product_brand-suunto","6":"product_cat-sports","8":"first","9":"instock","10":"shipping-taxable","11":"purchasable","12":"product-type-simple"},"_links":{"self":[{"href":"https:\/\/sezona.lv\/en\/wp-json\/wp\/v2\/product\/78969","targetHints":{"allow":["GET"]}}],"collection":[{"href":"https:\/\/sezona.lv\/en\/wp-json\/wp\/v2\/product"}],"about":[{"href":"https:\/\/sezona.lv\/en\/wp-json\/wp\/v2\/types\/product"}],"wp:attachment":[{"href":"https:\/\/sezona.lv\/en\/wp-json\/wp\/v2\/media?parent=78969"}],"wp:term":[{"taxonomy":"product_brand","embeddable":true,"href":"https:\/\/sezona.lv\/en\/wp-json\/wp\/v2\/product_brand?post=78969"},{"taxonomy":"product_cat","embeddable":true,"href":"https:\/\/sezona.lv\/en\/wp-json\/wp\/v2\/product_cat?post=78969"},{"taxonomy":"product_tag","embeddable":true,"href":"https:\/\/sezona.lv\/en\/wp-json\/wp\/v2\/product_tag?post=78969"}],"curies":[{"name":"wp","href":"https:\/\/api.w.org\/{rel}","templated":true}]}}