{"id":78970,"date":"2025-07-11T16:49:49","date_gmt":"2025-07-11T13:49:49","guid":{"rendered":"https:\/\/demo8.ecube.lv\/sezona.lv\/products\/suunto-kompass-aim-30\/"},"modified":"2025-07-14T15:32:39","modified_gmt":"2025-07-14T12:32:39","slug":"suunto-kompass-aim-30","status":"publish","type":"product","link":"https:\/\/sezona.lv\/en\/products\/suunto-kompass-aim-30\/","title":{"rendered":"SUUNTO KOMPASS AIM-30"},"content":{"rendered":"<p>Kompass SUUNTO AIM-30 (SS022862000)<br \/> Jaun\u0101, \u012bpa&scaron;i stabil\u0101 un \u0101tr\u0101 Suunto AIM kompasu bulti\u0146a padara tos daudz  \u0113rt\u0101k lietojamus skrie&scaron;anas laik\u0101, k\u0101 ar\u012b nodro&scaron;ina \u012bs\u0101ku gaid\u012b&scaron;anas  laiku, pace\u013cot kompasu no kartes. Vienk\u0101r&scaron;otais dizains netrauc\u0113 las\u012bt  karti, ta\u010du atbalsta da\u017e\u0101das azimuta \u0146em&scaron;anas tehnikas, radot univers\u0101lu  un kvalitat\u012bvu instrumentu, ko izmantot orient\u0113&scaron;an\u0101s sacens\u012bb\u0101s.<\/p>\n<p> Balans\u0113ts zieme\u013cu puslodei<br \/> Izm\u0113rs: 114  x  57  x  10  mm <br \/> Svars: 30g<\/p>\n","protected":false},"excerpt":{"rendered":"<p>Kompass SUUNTO AIM-30 (SS022862000) Jaun\u0101, \u012bpa&scaron;i stabil\u0101 un \u0101tr\u0101 Suunto AIM kompasu bulti\u0146a padara tos daudz \u0113rt\u0101k lietojamus skrie&scaron;anas laik\u0101, k\u0101 ar\u012b nodro&scaron;ina \u012bs\u0101ku gaid\u012b&scaron;anas laiku, pace\u013cot kompasu no kartes. Vienk\u0101r&scaron;otais dizains netrauc\u0113 las\u012bt karti, ta\u010du atbalsta da\u017e\u0101das azimuta \u0146em&scaron;anas tehnikas, radot univers\u0101lu un kvalitat\u012bvu instrumentu, ko izmantot orient\u0113&scaron;an\u0101s sacens\u012bb\u0101s. Balans\u0113ts zieme\u013cu puslodei Izm\u0113rs: 114 [&hellip;]<\/p>\n","protected":false},"featured_media":71175,"template":"","meta":[],"product_brand":[905],"product_cat":[967],"product_tag":[],"class_list":{"0":"post-78970","1":"product","2":"type-product","3":"status-publish","4":"has-post-thumbnail","6":"product_brand-suunto","7":"product_cat-bez-kategorijas","9":"first","10":"instock","11":"shipping-taxable","12":"purchasable","13":"product-type-simple"},"_links":{"self":[{"href":"https:\/\/sezona.lv\/en\/wp-json\/wp\/v2\/product\/78970","targetHints":{"allow":["GET"]}}],"collection":[{"href":"https:\/\/sezona.lv\/en\/wp-json\/wp\/v2\/product"}],"about":[{"href":"https:\/\/sezona.lv\/en\/wp-json\/wp\/v2\/types\/product"}],"wp:featuredmedia":[{"embeddable":true,"href":"https:\/\/sezona.lv\/en\/wp-json\/wp\/v2\/media\/71175"}],"wp:attachment":[{"href":"https:\/\/sezona.lv\/en\/wp-json\/wp\/v2\/media?parent=78970"}],"wp:term":[{"taxonomy":"product_brand","embeddable":true,"href":"https:\/\/sezona.lv\/en\/wp-json\/wp\/v2\/product_brand?post=78970"},{"taxonomy":"product_cat","embeddable":true,"href":"https:\/\/sezona.lv\/en\/wp-json\/wp\/v2\/product_cat?post=78970"},{"taxonomy":"product_tag","embeddable":true,"href":"https:\/\/sezona.lv\/en\/wp-json\/wp\/v2\/product_tag?post=78970"}],"curies":[{"name":"wp","href":"https:\/\/api.w.org\/{rel}","templated":true}]}}