{"id":78971,"date":"2025-07-11T16:49:50","date_gmt":"2025-07-11T13:49:50","guid":{"rendered":"https:\/\/demo8.ecube.lv\/sezona.lv\/products\/suunto-mcl-nh-mirror-compass\/"},"modified":"2025-07-14T15:32:40","modified_gmt":"2025-07-14T12:32:40","slug":"suunto-mcl-nh-mirror-compass","status":"publish","type":"product","link":"https:\/\/sezona.lv\/en\/products\/suunto-mcl-nh-mirror-compass\/","title":{"rendered":"SUUNTO MCL NH MIRROR COMPASS"},"content":{"rendered":"<p>Spogu\u013ca tipa kompass SUUNTO MCL NH (SS021162000)<br \/> Ide\u0101ls kompass main\u012bga reljefa gar\u0101kos p\u0101rg\u0101jienos! Gar\u0101 kompasa b\u0101ze  kombin\u0101cij\u0101 ar ieb\u016bv\u0113to spoguli \u013cauj karti las\u012bt daudz prec\u012bz\u0101k, k\u0101 ar\u012b  nepiecie&scaron;am\u012bbas gad\u012bjum\u0101, ar spogui var raid\u012bt sign\u0101lu. \u0112rts lieto&scaron;an\u0101  un transport\u0113&scaron;an\u0101, jo salikt\u0101 veid\u0101 aiz\u0146em maz vietas, k\u0101 ar\u012b kompass  tiek pasarg\u0101ts no \u0101r\u0113j\u0101s iedarb\u012bbas faktoriem.<\/p>\n<p> Izm\u0113rs: 76 x 55 x 17 mm<br \/> Svars: 44g<br \/> Kalibr\u0101cija: Zieme\u013cu puslode<\/p>\n","protected":false},"excerpt":{"rendered":"<p>Spogu\u013ca tipa kompass SUUNTO MCL NH (SS021162000) Ide\u0101ls kompass main\u012bga reljefa gar\u0101kos p\u0101rg\u0101jienos! Gar\u0101 kompasa b\u0101ze kombin\u0101cij\u0101 ar ieb\u016bv\u0113to spoguli \u013cauj karti las\u012bt daudz prec\u012bz\u0101k, k\u0101 ar\u012b nepiecie&scaron;am\u012bbas gad\u012bjum\u0101, ar spogui var raid\u012bt sign\u0101lu. \u0112rts lieto&scaron;an\u0101 un transport\u0113&scaron;an\u0101, jo salikt\u0101 veid\u0101 aiz\u0146em maz vietas, k\u0101 ar\u012b kompass tiek pasarg\u0101ts no \u0101r\u0113j\u0101s iedarb\u012bbas faktoriem. Izm\u0113rs: 76 [&hellip;]<\/p>\n","protected":false},"featured_media":71178,"template":"","meta":[],"product_brand":[905],"product_cat":[967],"product_tag":[],"class_list":{"0":"post-78971","1":"product","2":"type-product","3":"status-publish","4":"has-post-thumbnail","6":"product_brand-suunto","7":"product_cat-bez-kategorijas","9":"first","10":"instock","11":"shipping-taxable","12":"purchasable","13":"product-type-simple"},"_links":{"self":[{"href":"https:\/\/sezona.lv\/en\/wp-json\/wp\/v2\/product\/78971","targetHints":{"allow":["GET"]}}],"collection":[{"href":"https:\/\/sezona.lv\/en\/wp-json\/wp\/v2\/product"}],"about":[{"href":"https:\/\/sezona.lv\/en\/wp-json\/wp\/v2\/types\/product"}],"wp:featuredmedia":[{"embeddable":true,"href":"https:\/\/sezona.lv\/en\/wp-json\/wp\/v2\/media\/71178"}],"wp:attachment":[{"href":"https:\/\/sezona.lv\/en\/wp-json\/wp\/v2\/media?parent=78971"}],"wp:term":[{"taxonomy":"product_brand","embeddable":true,"href":"https:\/\/sezona.lv\/en\/wp-json\/wp\/v2\/product_brand?post=78971"},{"taxonomy":"product_cat","embeddable":true,"href":"https:\/\/sezona.lv\/en\/wp-json\/wp\/v2\/product_cat?post=78971"},{"taxonomy":"product_tag","embeddable":true,"href":"https:\/\/sezona.lv\/en\/wp-json\/wp\/v2\/product_tag?post=78971"}],"curies":[{"name":"wp","href":"https:\/\/api.w.org\/{rel}","templated":true}]}}