{"id":78972,"date":"2025-07-14T15:32:41","date_gmt":"2025-07-14T12:32:41","guid":{"rendered":"https:\/\/demo8.ecube.lv\/sezona.lv\/products\/suunto-clipper-l-b-sh-compass\/"},"modified":"2025-07-14T15:32:41","modified_gmt":"2025-07-14T12:32:41","slug":"suunto-clipper-l-b-sh-compass","status":"publish","type":"product","link":"https:\/\/sezona.lv\/en\/products\/suunto-clipper-l-b-sh-compass\/","title":{"rendered":"SUUNTO CLIPPER L\/B SH COMPASS"},"content":{"rendered":"<p>Kompass ar stiprin\u0101jumu SUUNTO CLIPPER L\/B SH (SS004102012)<\/p>\n<p> Mazs, kompakts kompass, ko var piespraust pie jebkuras lences, ap\u0123\u0113rba gabala vai somas.<br \/> Piel\u0101gots dienvidu puslodei<br \/> Izm\u0113rs: 30  x  24  x  11  mm<br \/> Svars: 5g<br \/> Speci\u0101ls &scaron;\u0137idrums un d\u0101rgakmens gult\u0146i nodro&scaron;in\u0101s \u0101tru un stabilu r\u0101d\u012bjumu<br \/> Luminisc\u0113jo&scaron;i pret\u0113jie poli<br \/> Klipsis nostiprin\u0101&scaron;anai pie somas, lences, ap\u0123\u0113rba u.c.<br \/> Lielisks orient\u0113&scaron;an\u0101s pal\u012bgs gan virs, gan zem \u016bdens.<\/p>\n","protected":false},"excerpt":{"rendered":"<p>Kompass ar stiprin\u0101jumu SUUNTO CLIPPER L\/B SH (SS004102012) Mazs, kompakts kompass, ko var piespraust pie jebkuras lences, ap\u0123\u0113rba gabala vai somas. Piel\u0101gots dienvidu puslodei Izm\u0113rs: 30 x 24 x 11 mm Svars: 5g Speci\u0101ls &scaron;\u0137idrums un d\u0101rgakmens gult\u0146i nodro&scaron;in\u0101s \u0101tru un stabilu r\u0101d\u012bjumu Luminisc\u0113jo&scaron;i pret\u0113jie poli Klipsis nostiprin\u0101&scaron;anai pie somas, lences, ap\u0123\u0113rba u.c. Lielisks orient\u0113&scaron;an\u0101s [&hellip;]<\/p>\n","protected":false},"featured_media":0,"template":"","meta":[],"product_brand":[905],"product_cat":[4587],"product_tag":[],"class_list":{"0":"post-78972","1":"product","2":"type-product","3":"status-publish","5":"product_brand-suunto","6":"product_cat-sports","8":"first","9":"instock","10":"shipping-taxable","11":"purchasable","12":"product-type-simple"},"_links":{"self":[{"href":"https:\/\/sezona.lv\/en\/wp-json\/wp\/v2\/product\/78972","targetHints":{"allow":["GET"]}}],"collection":[{"href":"https:\/\/sezona.lv\/en\/wp-json\/wp\/v2\/product"}],"about":[{"href":"https:\/\/sezona.lv\/en\/wp-json\/wp\/v2\/types\/product"}],"wp:attachment":[{"href":"https:\/\/sezona.lv\/en\/wp-json\/wp\/v2\/media?parent=78972"}],"wp:term":[{"taxonomy":"product_brand","embeddable":true,"href":"https:\/\/sezona.lv\/en\/wp-json\/wp\/v2\/product_brand?post=78972"},{"taxonomy":"product_cat","embeddable":true,"href":"https:\/\/sezona.lv\/en\/wp-json\/wp\/v2\/product_cat?post=78972"},{"taxonomy":"product_tag","embeddable":true,"href":"https:\/\/sezona.lv\/en\/wp-json\/wp\/v2\/product_tag?post=78972"}],"curies":[{"name":"wp","href":"https:\/\/api.w.org\/{rel}","templated":true}]}}