{"id":78973,"date":"2025-07-11T16:49:53","date_gmt":"2025-07-11T13:49:53","guid":{"rendered":"https:\/\/demo8.ecube.lv\/sezona.lv\/products\/suunto-orca-pioneer-y-w-nh\/"},"modified":"2025-07-14T15:32:41","modified_gmt":"2025-07-14T12:32:41","slug":"suunto-orca-pioneer-y-w-nh","status":"publish","type":"product","link":"https:\/\/sezona.lv\/en\/products\/suunto-orca-pioneer-y-w-nh\/","title":{"rendered":"SUUNTO ORCA &#8211; PIONEER Y\/W NH"},"content":{"rendered":"<p>Kompass SUUNTO ORCA &#8211; PIONEER NH (SS015903000)<br \/> Kompakts kompass priek&scaron; kajakiem, kanoe un maz\u0101m laiv\u0101m. Kompasam ir vair\u0101ki stiprin\u0101juma varianti.<\/p>\n<p> Divas alternat\u012bvas mont\u0101\u017eas sist\u0113mas: &scaron;nore ar karab\u012bni un kron&scaron;teins, kuru var stiprin\u0101t uz virsmas<br \/> Negrimsto&scaron;s<br \/> Balans\u0113&scaron;ana: zieme\u013cu puslod\u0113<br \/> Maks nolieces le\u0146\u0137is +\/- 25&deg;<br \/> Darba temperat\u016bru diapazons -30&deg;C &#8211; +60&deg; C \/ -21&deg;F &#8211; +140 &deg;F<br \/> Izm\u0113ri 88 x 88 x 57 mm<br \/> Svars 136 g<\/p>\n","protected":false},"excerpt":{"rendered":"<p>Kompass SUUNTO ORCA &#8211; PIONEER NH (SS015903000) Kompakts kompass priek&scaron; kajakiem, kanoe un maz\u0101m laiv\u0101m. Kompasam ir vair\u0101ki stiprin\u0101juma varianti. Divas alternat\u012bvas mont\u0101\u017eas sist\u0113mas: &scaron;nore ar karab\u012bni un kron&scaron;teins, kuru var stiprin\u0101t uz virsmas Negrimsto&scaron;s Balans\u0113&scaron;ana: zieme\u013cu puslod\u0113 Maks nolieces le\u0146\u0137is +\/- 25&deg; Darba temperat\u016bru diapazons -30&deg;C &#8211; +60&deg; C \/ -21&deg;F &#8211; +140 &deg;F [&hellip;]<\/p>\n","protected":false},"featured_media":71181,"template":"","meta":[],"product_brand":[905],"product_cat":[967],"product_tag":[],"class_list":{"0":"post-78973","1":"product","2":"type-product","3":"status-publish","4":"has-post-thumbnail","6":"product_brand-suunto","7":"product_cat-bez-kategorijas","9":"first","10":"instock","11":"shipping-taxable","12":"purchasable","13":"product-type-simple"},"_links":{"self":[{"href":"https:\/\/sezona.lv\/en\/wp-json\/wp\/v2\/product\/78973","targetHints":{"allow":["GET"]}}],"collection":[{"href":"https:\/\/sezona.lv\/en\/wp-json\/wp\/v2\/product"}],"about":[{"href":"https:\/\/sezona.lv\/en\/wp-json\/wp\/v2\/types\/product"}],"wp:featuredmedia":[{"embeddable":true,"href":"https:\/\/sezona.lv\/en\/wp-json\/wp\/v2\/media\/71181"}],"wp:attachment":[{"href":"https:\/\/sezona.lv\/en\/wp-json\/wp\/v2\/media?parent=78973"}],"wp:term":[{"taxonomy":"product_brand","embeddable":true,"href":"https:\/\/sezona.lv\/en\/wp-json\/wp\/v2\/product_brand?post=78973"},{"taxonomy":"product_cat","embeddable":true,"href":"https:\/\/sezona.lv\/en\/wp-json\/wp\/v2\/product_cat?post=78973"},{"taxonomy":"product_tag","embeddable":true,"href":"https:\/\/sezona.lv\/en\/wp-json\/wp\/v2\/product_tag?post=78973"}],"curies":[{"name":"wp","href":"https:\/\/api.w.org\/{rel}","templated":true}]}}