{"id":78975,"date":"2025-07-11T16:49:55","date_gmt":"2025-07-11T13:49:55","guid":{"rendered":"https:\/\/demo8.ecube.lv\/sezona.lv\/products\/suunto-kompass-a-30-nf-nh\/"},"modified":"2025-07-14T15:32:43","modified_gmt":"2025-07-14T12:32:43","slug":"suunto-kompass-a-30-nf-nh","status":"publish","type":"product","link":"https:\/\/sezona.lv\/en\/products\/suunto-kompass-a-30-nf-nh\/","title":{"rendered":"SUUNTO KOMPASS A-30 NF\/NH"},"content":{"rendered":"<p>Armijas kompass ar goniometru <br \/>Balans\u0113&scaron;ana: zieme\u013cu puslod\u0113 <br \/>M\u0113r\u012b&scaron;anas skalas cm, 1:15 000 km, 1:50 000 km <br \/>Palielin\u0101ta lupa nodro&scaron;ina detaliz\u0113tu kartes las\u012b&scaron;anu <br \/>Izm\u0113ri: 56  x  114  x  10 mm <br \/>Svars: 32g <br \/>Ra\u017eots Somij\u0101<\/p>\n","protected":false},"excerpt":{"rendered":"<p>Armijas kompass ar goniometru Balans\u0113&scaron;ana: zieme\u013cu puslod\u0113 M\u0113r\u012b&scaron;anas skalas cm, 1:15 000 km, 1:50 000 km Palielin\u0101ta lupa nodro&scaron;ina detaliz\u0113tu kartes las\u012b&scaron;anu Izm\u0113ri: 56 x 114 x 10 mm Svars: 32g Ra\u017eots Somij\u0101<\/p>\n","protected":false},"featured_media":71184,"template":"","meta":[],"product_brand":[905],"product_cat":[967],"product_tag":[],"class_list":{"0":"post-78975","1":"product","2":"type-product","3":"status-publish","4":"has-post-thumbnail","6":"product_brand-suunto","7":"product_cat-bez-kategorijas","9":"first","10":"instock","11":"shipping-taxable","12":"purchasable","13":"product-type-simple"},"_links":{"self":[{"href":"https:\/\/sezona.lv\/en\/wp-json\/wp\/v2\/product\/78975","targetHints":{"allow":["GET"]}}],"collection":[{"href":"https:\/\/sezona.lv\/en\/wp-json\/wp\/v2\/product"}],"about":[{"href":"https:\/\/sezona.lv\/en\/wp-json\/wp\/v2\/types\/product"}],"wp:featuredmedia":[{"embeddable":true,"href":"https:\/\/sezona.lv\/en\/wp-json\/wp\/v2\/media\/71184"}],"wp:attachment":[{"href":"https:\/\/sezona.lv\/en\/wp-json\/wp\/v2\/media?parent=78975"}],"wp:term":[{"taxonomy":"product_brand","embeddable":true,"href":"https:\/\/sezona.lv\/en\/wp-json\/wp\/v2\/product_brand?post=78975"},{"taxonomy":"product_cat","embeddable":true,"href":"https:\/\/sezona.lv\/en\/wp-json\/wp\/v2\/product_cat?post=78975"},{"taxonomy":"product_tag","embeddable":true,"href":"https:\/\/sezona.lv\/en\/wp-json\/wp\/v2\/product_tag?post=78975"}],"curies":[{"name":"wp","href":"https:\/\/api.w.org\/{rel}","templated":true}]}}