{"id":78976,"date":"2025-07-14T15:32:44","date_gmt":"2025-07-14T12:32:44","guid":{"rendered":"https:\/\/demo8.ecube.lv\/sezona.lv\/products\/suunto-kompass-mc-2-g-6400\/"},"modified":"2025-07-14T15:32:44","modified_gmt":"2025-07-14T12:32:44","slug":"suunto-kompass-mc-2-g-6400","status":"publish","type":"product","link":"https:\/\/sezona.lv\/en\/products\/suunto-kompass-mc-2-g-6400\/","title":{"rendered":"SUUNTO KOMPASS MC-2\/G\/6400"},"content":{"rendered":"<p>&Scaron;\u0137idruma kapsula  <br \/>Gultnis: d\u0101rgakme\u0146s <br \/>Palielin\u0101ta lupa  <br \/>Spogulis <br \/>Klinometrs <br \/>Skalas cm, 1:25 000 km UTM, 1:50 000 km UTM <br \/>Skalas inch <br \/>Izm\u0113ri: 65  x  101  x  18 mm <br \/>Svars: 75g <br \/>Ra\u017eots Somij\u0101<\/p>\n","protected":false},"excerpt":{"rendered":"<p>&Scaron;\u0137idruma kapsula Gultnis: d\u0101rgakme\u0146s Palielin\u0101ta lupa Spogulis Klinometrs Skalas cm, 1:25 000 km UTM, 1:50 000 km UTM Skalas inch Izm\u0113ri: 65 x 101 x 18 mm Svars: 75g Ra\u017eots Somij\u0101<\/p>\n","protected":false},"featured_media":0,"template":"","meta":[],"product_brand":[905],"product_cat":[4587],"product_tag":[],"class_list":{"0":"post-78976","1":"product","2":"type-product","3":"status-publish","5":"product_brand-suunto","6":"product_cat-sports","8":"first","9":"instock","10":"shipping-taxable","11":"purchasable","12":"product-type-simple"},"_links":{"self":[{"href":"https:\/\/sezona.lv\/en\/wp-json\/wp\/v2\/product\/78976","targetHints":{"allow":["GET"]}}],"collection":[{"href":"https:\/\/sezona.lv\/en\/wp-json\/wp\/v2\/product"}],"about":[{"href":"https:\/\/sezona.lv\/en\/wp-json\/wp\/v2\/types\/product"}],"wp:attachment":[{"href":"https:\/\/sezona.lv\/en\/wp-json\/wp\/v2\/media?parent=78976"}],"wp:term":[{"taxonomy":"product_brand","embeddable":true,"href":"https:\/\/sezona.lv\/en\/wp-json\/wp\/v2\/product_brand?post=78976"},{"taxonomy":"product_cat","embeddable":true,"href":"https:\/\/sezona.lv\/en\/wp-json\/wp\/v2\/product_cat?post=78976"},{"taxonomy":"product_tag","embeddable":true,"href":"https:\/\/sezona.lv\/en\/wp-json\/wp\/v2\/product_tag?post=78976"}],"curies":[{"name":"wp","href":"https:\/\/api.w.org\/{rel}","templated":true}]}}